{"id":1320,"date":"2026-03-31T07:54:28","date_gmt":"2026-03-31T05:54:28","guid":{"rendered":"https:\/\/www.biograd-boat-tours.com\/our-tours\/sunset-cruise\/"},"modified":"2026-04-20T17:09:27","modified_gmt":"2026-04-20T15:09:27","slug":"sunset-cruise","status":"publish","type":"page","link":"https:\/\/www.biograd-boat-tours.com\/hr\/our-tours\/sunset-cruise\/","title":{"rendered":"Krstarenje pri zalasku sunca"},"content":{"rendered":"\t\t<div data-elementor-type=\"wp-page\" data-elementor-id=\"1320\" class=\"elementor elementor-1320 elementor-840\">\n\t\t\t\t<div class=\"elementor-element elementor-element-08d2b1d e-flex e-con-boxed e-con e-parent\" data-id=\"08d2b1d\" data-element_type=\"container\" data-e-type=\"container\" data-settings=\"{&quot;background_background&quot;:&quot;classic&quot;}\">\n\t\t\t\t\t<div class=\"e-con-inner\">\n\t\t\t\t<div class=\"elementor-element elementor-element-cb732a3 elementor-widget elementor-widget-heading\" data-id=\"cb732a3\" data-element_type=\"widget\" data-e-type=\"widget\" data-widget_type=\"heading.default\">\n\t\t\t\t\t<h1 class=\"elementor-heading-title elementor-size-default\">Na\u0161i izleti<\/h1>\t\t\t\t<\/div>\n\t\t\t\t\t<\/div>\n\t\t\t\t<\/div>\n\t\t<div class=\"elementor-element elementor-element-1821ff6 e-flex e-con-boxed e-con e-parent\" data-id=\"1821ff6\" data-element_type=\"container\" data-e-type=\"container\" data-settings=\"{&quot;background_background&quot;:&quot;classic&quot;}\">\n\t\t\t\t\t<div class=\"e-con-inner\">\n\t\t\t\t<div class=\"elementor-element elementor-element-63eecf7 elementor-widget elementor-widget-image-box\" data-id=\"63eecf7\" data-element_type=\"widget\" data-e-type=\"widget\" data-widget_type=\"image-box.default\">\n\t\t\t\t\t<div class=\"elementor-image-box-wrapper\"><div class=\"elementor-image-box-content\"><h2 class=\"elementor-image-box-title\">\ud83c\udf05 Ve\u010dernja vo\u017enja uz zalazak sunca<\/h2><\/div><\/div>\t\t\t\t<\/div>\n\t\t<div class=\"elementor-element elementor-element-afc57ec e-con-full e-flex e-con e-child\" data-id=\"afc57ec\" data-element_type=\"container\" data-e-type=\"container\">\n\t\t<div class=\"elementor-element elementor-element-ffaa9a4 e-con-full e-flex e-con e-child\" data-id=\"ffaa9a4\" data-element_type=\"container\" data-e-type=\"container\">\n\t\t\t\t<div class=\"elementor-element elementor-element-361eb05 elementor-widget elementor-widget-text-editor\" data-id=\"361eb05\" data-element_type=\"widget\" data-e-type=\"widget\" data-widget_type=\"text-editor.default\">\n\t\t\t\t\t\t\t\t\t<p>Ako vi\u0161e volite ve\u010dernje plovidbe, vo\u017enja uz zalazak sunca na na\u0161em drvenom brodu savr\u0161en je na\u010din da se opustite na moru za kraj dana.<\/p><p><strong>Trajanje<\/strong>: cca. 2 sata<\/p><ul><li>Opustite se na moru i promatrajte kako sunce polako zalazi nad otocima.<\/li><li>Na brodu vas o\u010dekuje sir i lokalno vino, poslu\u017een na drvenoj dasci &#8211; lagani zalogaj uz \u010da\u0161u vina i more oko vas.<\/li><li>Po \u017eelji se mo\u017eete osvje\u017eiti kupanjem ili se jednostavno opustiti na palubi i upiti mirnu atmosferu.<\/li><li>Do\u017eivite spokojno more, ti\u0161inu zalaska i ljepotu oto\u010dnog krajolika u jednom kratkom, ali posebnom iskustvu.<\/li><\/ul>\t\t\t\t\t\t\t\t<\/div>\n\t\t\t\t<\/div>\n\t\t<div class=\"elementor-element elementor-element-dbafcaf e-con-full e-flex e-con e-child\" data-id=\"dbafcaf\" data-element_type=\"container\" data-e-type=\"container\">\n\t\t\t\t<div class=\"elementor-element elementor-element-934336a elementor-widget elementor-widget-image\" data-id=\"934336a\" data-element_type=\"widget\" data-e-type=\"widget\" data-widget_type=\"image.default\">\n\t\t\t\t\t\t\t\t\t\t\t\t\t\t\t<img fetchpriority=\"high\" decoding=\"async\" width=\"1920\" height=\"864\" src=\"https:\/\/www.biograd-boat-tours.com\/wp-content\/uploads\/sunset-cruise.jpg\" class=\"attachment-full size-full wp-image-1321\" alt=\"sunset cruise\" srcset=\"https:\/\/www.biograd-boat-tours.com\/wp-content\/uploads\/sunset-cruise.jpg 1920w, https:\/\/www.biograd-boat-tours.com\/wp-content\/uploads\/sunset-cruise-300x135.jpg 300w, https:\/\/www.biograd-boat-tours.com\/wp-content\/uploads\/sunset-cruise-1024x461.jpg 1024w, https:\/\/www.biograd-boat-tours.com\/wp-content\/uploads\/sunset-cruise-768x346.jpg 768w, https:\/\/www.biograd-boat-tours.com\/wp-content\/uploads\/sunset-cruise-1536x691.jpg 1536w\" sizes=\"(max-width: 1920px) 100vw, 1920px\" \/>\t\t\t\t\t\t\t\t\t\t\t\t\t\t\t<\/div>\n\t\t\t\t<\/div>\n\t\t\t\t<\/div>\n\t\t\t\t\t<\/div>\n\t\t\t\t<\/div>\n\t\t<div class=\"elementor-element elementor-element-45d0235 e-flex e-con-boxed e-con e-parent\" data-id=\"45d0235\" data-element_type=\"container\" data-e-type=\"container\" data-settings=\"{&quot;background_background&quot;:&quot;classic&quot;}\">\n\t\t\t\t\t<div class=\"e-con-inner\">\n\t\t\t\t<div class=\"elementor-element elementor-element-2f29ba7 elementor-widget elementor-widget-testimonial\" data-id=\"2f29ba7\" data-element_type=\"widget\" data-e-type=\"widget\" data-widget_type=\"testimonial.default\">\n\t\t\t\t\t\t\t<div class=\"elementor-testimonial-wrapper\">\n\t\t\t\t\t\t\t<div class=\"elementor-testimonial-content\">Nevjerojatan dan na moru! Posada je bila nevjerojatno ljubazna, a hrana ukusna. Toplo preporu\u010dujem obilazak dupina za zabavnu avanturu!<\/div>\n\t\t\t\n\t\t\t\t\t\t<div class=\"elementor-testimonial-meta elementor-has-image elementor-testimonial-image-position-top\">\n\t\t\t\t<div class=\"elementor-testimonial-meta-inner\">\n\t\t\t\t\t\t\t\t\t\t\t<div class=\"elementor-testimonial-image\">\n\t\t\t\t\t\t\t<img decoding=\"async\" width=\"150\" height=\"150\" src=\"https:\/\/www.biograd-boat-tours.com\/wp-content\/uploads\/review-anna-novak.jpg\" class=\"attachment-full size-full wp-image-1147\" alt=\"review anna novak\" \/>\t\t\t\t\t\t<\/div>\n\t\t\t\t\t\n\t\t\t\t\t\t\t\t\t\t<div class=\"elementor-testimonial-details\">\n\t\t\t\t\t\t\t\t\t\t\t\t\t\t<div class=\"elementor-testimonial-name\">Anna Novak<\/div>\n\t\t\t\t\t\t\t\t\t\t\t\t\t\t\t\t\t\t\t<\/div>\n\t\t\t\t\t\t\t\t\t<\/div>\n\t\t\t<\/div>\n\t\t\t\t\t<\/div>\n\t\t\t\t\t\t<\/div>\n\t\t\t\t\t<\/div>\n\t\t\t\t<\/div>\n\t\t<div class=\"elementor-element elementor-element-2f0ad38 e-flex e-con-boxed e-con e-parent\" data-id=\"2f0ad38\" data-element_type=\"container\" data-e-type=\"container\" data-settings=\"{&quot;background_background&quot;:&quot;classic&quot;}\">\n\t\t\t\t\t<div class=\"e-con-inner\">\n\t\t\t\t<div class=\"elementor-element elementor-element-7924723 elementor-widget elementor-widget-image-box\" data-id=\"7924723\" data-element_type=\"widget\" data-e-type=\"widget\" data-widget_type=\"image-box.default\">\n\t\t\t\t\t<div class=\"elementor-image-box-wrapper\"><div class=\"elementor-image-box-content\"><h2 class=\"elementor-image-box-title\">Za\u0161to odabrati nas za svoju nauti\u010dku avanturu?<\/h2><p class=\"elementor-image-box-description\">U Biograd Boat Toursu naglasak stavljamo na personaliziranu uslugu, izvrsno poznavanje arhipelaga i iskrenu strast prema tradicionalnim do\u017eivljajima na moru.<\/p><\/div><\/div>\t\t\t\t<\/div>\n\t\t<div class=\"elementor-element elementor-element-79d45b5 e-con-full e-flex e-con e-child\" data-id=\"79d45b5\" data-element_type=\"container\" data-e-type=\"container\">\n\t\t<div class=\"elementor-element elementor-element-49482f9 e-con-full e-flex e-con e-child\" data-id=\"49482f9\" data-element_type=\"container\" data-e-type=\"container\">\n\t\t\t\t<div class=\"elementor-element elementor-element-b283b53 elementor-widget elementor-widget-image\" data-id=\"b283b53\" data-element_type=\"widget\" data-e-type=\"widget\" data-widget_type=\"image.default\">\n\t\t\t\t\t\t\t\t\t\t\t\t\t\t\t<img decoding=\"async\" width=\"1024\" height=\"1024\" src=\"https:\/\/www.biograd-boat-tours.com\/wp-content\/uploads\/experienced-hosts\u200b.jpg\" class=\"attachment-full size-full wp-image-1241\" alt=\"experienced hosts\u200b\" srcset=\"https:\/\/www.biograd-boat-tours.com\/wp-content\/uploads\/experienced-hosts\u200b.jpg 1024w, https:\/\/www.biograd-boat-tours.com\/wp-content\/uploads\/experienced-hosts\u200b-300x300.jpg 300w, https:\/\/www.biograd-boat-tours.com\/wp-content\/uploads\/experienced-hosts\u200b-150x150.jpg 150w, https:\/\/www.biograd-boat-tours.com\/wp-content\/uploads\/experienced-hosts\u200b-768x768.jpg 768w\" sizes=\"(max-width: 1024px) 100vw, 1024px\" \/>\t\t\t\t\t\t\t\t\t\t\t\t\t\t\t<\/div>\n\t\t\t\t<div class=\"elementor-element elementor-element-3e29cd8 elementor-widget elementor-widget-hfe-infocard\" data-id=\"3e29cd8\" data-element_type=\"widget\" data-e-type=\"widget\" data-widget_type=\"hfe-infocard.default\">\n\t\t\t\t<div class=\"elementor-widget-container\">\n\t\t\t\t\t\n\t\t<div class=\"hfe-infocard\">\n\t\t\t\t\t\t\t\t\t<div class=\"hfe-infocard-title-wrap\">\n\t\t\t\t<h3 class=\"hfe-infocard-title elementor-inline-editing\" data-elementor-setting-key=\"infocard_title\" data-elementor-inline-editing-toolbar=\"basic\" >Iskusni doma\u0107ini<\/h3>\t\t\t<\/div>\n\t\t\t\t\t\t<div class=\"hfe-infocard-text-wrap\">\n\t\t\t\t<div class=\"hfe-infocard-text elementor-inline-editing\" data-elementor-setting-key=\"infocard_description\" data-elementor-inline-editing-toolbar=\"advanced\">\n\t\t\t\t\tPredvo\u0111eni na\u0161im iskusnim kapetanom Bo\u0161kom, u sigurnim ste rukama. Njegovo opse\u017eno poznavanje podru\u010dja i strast prema moru osiguravaju nezaboravno iskustvo. \t\t\t\t<\/div>\n\t\t\t\t\t\t\t<\/div>\n\t\t<\/div>\n\n\t\t\t\t\t\t<\/div>\n\t\t\t\t<\/div>\n\t\t\t\t<\/div>\n\t\t<div class=\"elementor-element elementor-element-cb823c7 e-con-full e-flex e-con e-child\" data-id=\"cb823c7\" data-element_type=\"container\" data-e-type=\"container\">\n\t\t\t\t<div class=\"elementor-element elementor-element-e27353c elementor-widget elementor-widget-image\" data-id=\"e27353c\" data-element_type=\"widget\" data-e-type=\"widget\" data-widget_type=\"image.default\">\n\t\t\t\t\t\t\t\t\t\t\t\t\t\t\t<img loading=\"lazy\" decoding=\"async\" width=\"1361\" height=\"1024\" src=\"https:\/\/www.biograd-boat-tours.com\/wp-content\/uploads\/authentic-experiences\u200b.jpg\" class=\"attachment-full size-full wp-image-1242\" alt=\"authentic experiences\u200b\" srcset=\"https:\/\/www.biograd-boat-tours.com\/wp-content\/uploads\/authentic-experiences\u200b.jpg 1361w, https:\/\/www.biograd-boat-tours.com\/wp-content\/uploads\/authentic-experiences\u200b-300x226.jpg 300w, https:\/\/www.biograd-boat-tours.com\/wp-content\/uploads\/authentic-experiences\u200b-1024x770.jpg 1024w, https:\/\/www.biograd-boat-tours.com\/wp-content\/uploads\/authentic-experiences\u200b-768x578.jpg 768w\" sizes=\"(max-width: 1361px) 100vw, 1361px\" \/>\t\t\t\t\t\t\t\t\t\t\t\t\t\t\t<\/div>\n\t\t\t\t<div class=\"elementor-element elementor-element-185b87f elementor-widget elementor-widget-hfe-infocard\" data-id=\"185b87f\" data-element_type=\"widget\" data-e-type=\"widget\" data-widget_type=\"hfe-infocard.default\">\n\t\t\t\t<div class=\"elementor-widget-container\">\n\t\t\t\t\t\n\t\t<div class=\"hfe-infocard\">\n\t\t\t\t\t\t\t\t\t<div class=\"hfe-infocard-title-wrap\">\n\t\t\t\t<h3 class=\"hfe-infocard-title elementor-inline-editing\" data-elementor-setting-key=\"infocard_title\" data-elementor-inline-editing-toolbar=\"basic\" >Autenti\u010dna iskustva<\/h3>\t\t\t<\/div>\n\t\t\t\t\t\t<div class=\"hfe-infocard-text-wrap\">\n\t\t\t\t<div class=\"hfe-infocard-text elementor-inline-editing\" data-elementor-setting-key=\"infocard_description\" data-elementor-inline-editing-toolbar=\"advanced\">\n\t\t\t\t\tZaplovite na tradicionalnom drvenom brodu, gdje svaka tura spaja povijest, pri\u010de i autenti\u010dne trenutke, pru\u017eaju\u0107i vam nezaboravan do\u017eivljaj mora.\t\t\t\t<\/div>\n\t\t\t\t\t\t\t<\/div>\n\t\t<\/div>\n\n\t\t\t\t\t\t<\/div>\n\t\t\t\t<\/div>\n\t\t\t\t<\/div>\n\t\t\t\t<\/div>\n\t\t\t\t\t<\/div>\n\t\t\t\t<\/div>\n\t\t<div class=\"elementor-element elementor-element-cc90045 e-flex e-con-boxed e-con e-parent\" data-id=\"cc90045\" data-element_type=\"container\" data-e-type=\"container\" data-settings=\"{&quot;background_background&quot;:&quot;classic&quot;}\">\n\t\t\t\t\t<div class=\"e-con-inner\">\n\t\t\t\t<div class=\"elementor-element elementor-element-94ff717 elementor-widget elementor-widget-image-box\" data-id=\"94ff717\" data-element_type=\"widget\" data-e-type=\"widget\" data-widget_type=\"image-box.default\">\n\t\t\t\t\t<div class=\"elementor-image-box-wrapper\"><div class=\"elementor-image-box-content\"><h2 class=\"elementor-image-box-title\">Ostavite nam recenziju<\/h2><p class=\"elementor-image-box-description\">Ako ste u\u017eivali u vremenu provedenom s nama na moru, bilo bi nam iskreno drago \u010duti va\u0161e dojmove. Podijelite svoje iskustvo i pomozite drugima da otkriju na\u0161 drveni brod i do\u017eive more na svoj na\u010din.<\/p><\/div><\/div>\t\t\t\t<\/div>\n\t\t\t\t<div class=\"elementor-element elementor-element-5443df2 elementor-align-center elementor-widget elementor-widget-button\" data-id=\"5443df2\" data-element_type=\"widget\" data-e-type=\"widget\" data-widget_type=\"button.default\">\n\t\t\t\t\t\t\t\t\t\t<a class=\"elementor-button elementor-button-link elementor-size-sm\" href=\"https:\/\/g.page\/r\/CR2Kvs76LQe7EBM\/review\" target=\"_blank\">\n\t\t\t\t\t\t<span class=\"elementor-button-content-wrapper\">\n\t\t\t\t\t\t\t\t\t<span class=\"elementor-button-text\">Napi\u0161ite recenziju na Googleu<\/span>\n\t\t\t\t\t<\/span>\n\t\t\t\t\t<\/a>\n\t\t\t\t\t\t\t\t<\/div>\n\t\t\t\t\t<\/div>\n\t\t\t\t<\/div>\n\t\t\t\t<\/div>\n\t\t","protected":false},"excerpt":{"rendered":"<p>Na\u0161i izleti \ud83c\udf05 Ve\u010dernja vo\u017enja uz zalazak sunca Ako vi\u0161e volite ve\u010dernje plovidbe, vo\u017enja uz zalazak sunca na na\u0161em drvenom [&hellip;]<\/p>\n","protected":false},"author":1,"featured_media":0,"parent":1261,"menu_order":0,"comment_status":"closed","ping_status":"closed","template":"","meta":{"site-sidebar-layout":"no-sidebar","site-content-layout":"","ast-site-content-layout":"full-width-container","site-content-style":"default","site-sidebar-style":"default","ast-global-header-display":"","ast-banner-title-visibility":"","ast-main-header-display":"","ast-hfb-above-header-display":"","ast-hfb-below-header-display":"","ast-hfb-mobile-header-display":"","site-post-title":"disabled","ast-breadcrumbs-content":"","ast-featured-img":"disabled","footer-sml-layout":"","ast-disable-related-posts":"","theme-transparent-header-meta":"","adv-header-id-meta":"","stick-header-meta":"","header-above-stick-meta":"","header-main-stick-meta":"","header-below-stick-meta":"","astra-migrate-meta-layouts":"default","ast-page-background-enabled":"default","ast-page-background-meta":{"desktop":{"background-color":"var(--ast-global-color-5)","background-image":"","background-repeat":"repeat","background-position":"center center","background-size":"auto","background-attachment":"scroll","background-type":"","background-media":"","overlay-type":"","overlay-color":"","overlay-opacity":"","overlay-gradient":""},"tablet":{"background-color":"","background-image":"","background-repeat":"repeat","background-position":"center center","background-size":"auto","background-attachment":"scroll","background-type":"","background-media":"","overlay-type":"","overlay-color":"","overlay-opacity":"","overlay-gradient":""},"mobile":{"background-color":"","background-image":"","background-repeat":"repeat","background-position":"center center","background-size":"auto","background-attachment":"scroll","background-type":"","background-media":"","overlay-type":"","overlay-color":"","overlay-opacity":"","overlay-gradient":""}},"ast-content-background-meta":{"desktop":{"background-color":"var(--ast-global-color-4)","background-image":"","background-repeat":"repeat","background-position":"center center","background-size":"auto","background-attachment":"scroll","background-type":"","background-media":"","overlay-type":"","overlay-color":"","overlay-opacity":"","overlay-gradient":""},"tablet":{"background-color":"var(--ast-global-color-4)","background-image":"","background-repeat":"repeat","background-position":"center center","background-size":"auto","background-attachment":"scroll","background-type":"","background-media":"","overlay-type":"","overlay-color":"","overlay-opacity":"","overlay-gradient":""},"mobile":{"background-color":"var(--ast-global-color-4)","background-image":"","background-repeat":"repeat","background-position":"center center","background-size":"auto","background-attachment":"scroll","background-type":"","background-media":"","overlay-type":"","overlay-color":"","overlay-opacity":"","overlay-gradient":""}},"footnotes":""},"class_list":["post-1320","page","type-page","status-publish","hentry"],"_links":{"self":[{"href":"https:\/\/www.biograd-boat-tours.com\/hr\/wp-json\/wp\/v2\/pages\/1320","targetHints":{"allow":["GET"]}}],"collection":[{"href":"https:\/\/www.biograd-boat-tours.com\/hr\/wp-json\/wp\/v2\/pages"}],"about":[{"href":"https:\/\/www.biograd-boat-tours.com\/hr\/wp-json\/wp\/v2\/types\/page"}],"author":[{"embeddable":true,"href":"https:\/\/www.biograd-boat-tours.com\/hr\/wp-json\/wp\/v2\/users\/1"}],"replies":[{"embeddable":true,"href":"https:\/\/www.biograd-boat-tours.com\/hr\/wp-json\/wp\/v2\/comments?post=1320"}],"version-history":[{"count":0,"href":"https:\/\/www.biograd-boat-tours.com\/hr\/wp-json\/wp\/v2\/pages\/1320\/revisions"}],"up":[{"embeddable":true,"href":"https:\/\/www.biograd-boat-tours.com\/hr\/wp-json\/wp\/v2\/pages\/1261"}],"wp:attachment":[{"href":"https:\/\/www.biograd-boat-tours.com\/hr\/wp-json\/wp\/v2\/media?parent=1320"}],"curies":[{"name":"wp","href":"https:\/\/api.w.org\/{rel}","templated":true}]}}