{"id":1297,"date":"2026-03-31T07:45:53","date_gmt":"2026-03-31T05:45:53","guid":{"rendered":"https:\/\/www.biograd-boat-tours.com\/our-tours\/island-adventures\/"},"modified":"2026-04-20T17:08:53","modified_gmt":"2026-04-20T15:08:53","slug":"island-adventures","status":"publish","type":"page","link":"https:\/\/www.biograd-boat-tours.com\/hr\/our-tours\/island-adventures\/","title":{"rendered":"Oto\u010dne avanture"},"content":{"rendered":"\t\t<div data-elementor-type=\"wp-page\" data-elementor-id=\"1297\" class=\"elementor elementor-1297 elementor-829\">\n\t\t\t\t<div class=\"elementor-element elementor-element-08d2b1d e-flex e-con-boxed e-con e-parent\" data-id=\"08d2b1d\" data-element_type=\"container\" data-e-type=\"container\" data-settings=\"{&quot;background_background&quot;:&quot;classic&quot;}\">\n\t\t\t\t\t<div class=\"e-con-inner\">\n\t\t\t\t<div class=\"elementor-element elementor-element-cb732a3 elementor-widget elementor-widget-heading\" data-id=\"cb732a3\" data-element_type=\"widget\" data-e-type=\"widget\" data-widget_type=\"heading.default\">\n\t\t\t\t\t<h1 class=\"elementor-heading-title elementor-size-default\">Na\u0161i izleti<\/h1>\t\t\t\t<\/div>\n\t\t\t\t\t<\/div>\n\t\t\t\t<\/div>\n\t\t<div class=\"elementor-element elementor-element-1821ff6 e-flex e-con-boxed e-con e-parent\" data-id=\"1821ff6\" data-element_type=\"container\" data-e-type=\"container\" data-settings=\"{&quot;background_background&quot;:&quot;classic&quot;}\">\n\t\t\t\t\t<div class=\"e-con-inner\">\n\t\t\t\t<div class=\"elementor-element elementor-element-63eecf7 elementor-widget elementor-widget-image-box\" data-id=\"63eecf7\" data-element_type=\"widget\" data-e-type=\"widget\" data-widget_type=\"image-box.default\">\n\t\t\t\t\t<div class=\"elementor-image-box-wrapper\"><div class=\"elementor-image-box-content\"><h2 class=\"elementor-image-box-title\">\ud83c\udfdd\ufe0f Oto\u010dne avanture<\/h2><p class=\"elementor-image-box-description\">Zakora\u010dite u autenti\u010dni oto\u010dni \u017eivot i do\u017eivite Dalmaciju na jedinstven na\u010din.<\/p><\/div><\/div>\t\t\t\t<\/div>\n\t\t<div class=\"elementor-element elementor-element-afc57ec e-con-full e-flex e-con e-child\" data-id=\"afc57ec\" data-element_type=\"container\" data-e-type=\"container\">\n\t\t<div class=\"elementor-element elementor-element-ffaa9a4 e-con-full e-flex e-con e-child\" data-id=\"ffaa9a4\" data-element_type=\"container\" data-e-type=\"container\">\n\t\t\t\t<div class=\"elementor-element elementor-element-361eb05 elementor-widget elementor-widget-text-editor\" data-id=\"361eb05\" data-element_type=\"widget\" data-e-type=\"widget\" data-widget_type=\"text-editor.default\">\n\t\t\t\t\t\t\t\t\t<h3>Vo\u0111ena oto\u010dka tura &#8211; Pa\u0161man<\/h3><p><strong>Trajanje<\/strong>: cca. 09:00 &#8211; 13:30\/14:00 (4,5-5 sati)<\/p><ul><li>Vo\u0111ena 90-minutna storytelling tura vodi vas \u0161armantnom pa\u0161manskom obalom, gdje kroz zanimljive lokalne pri\u010de upoznajete tradiciju i svakodnevni oto\u010dki \u017eivot. \u0160etnja vodi kroz sjenovite seoske ulice, \u0161to omogu\u0107uje ugodan obilazak i tijekom ja\u010deg podnevnog sunca.<\/li><li>Posje\u0107ujemo povijesni mlin za masline, nedavno obnovljen, gdje se kroz pri\u010du otkriva tradicionalna prerada maslina te povezanost pro\u0161log i dana\u0161njeg oto\u010dkog na\u010dina \u017eivota.<\/li><li>Zaustavljamo se i u lokalnoj obiteljskoj trgovini, gdje se proizvode autenti\u010dni pa\u0161manski proizvodi poput octa od smokava, umaka i prirodne kozmetike od oto\u010dkog bilja. Gosti imaju priliku razgledati i kupiti lokalne proizvode izravno od proizvo\u0111a\u010da.<\/li><li>Po \u017eelji, mogu\u0107e je kratko zaustavljanje u lokalnom kafi\u0107u za kavu ili osvje\u017eavaju\u0107i napitak.<\/li><li>Nakon obilaska, povratak na brod i nastavak plovidbe uz laganu marendu te kupanje u skrivenim uvalama i oto\u010di\u0107ima usput. U\u017eivajte u opu\u0161tenoj vo\u017enji kroz Pa\u0161manski kanal, okru\u017eeni pogledima na mirno more i otoke koji vas okru\u017euju.<\/li><\/ul>\t\t\t\t\t\t\t\t<\/div>\n\t\t\t\t<\/div>\n\t\t<div class=\"elementor-element elementor-element-dbafcaf e-con-full e-flex e-con e-child\" data-id=\"dbafcaf\" data-element_type=\"container\" data-e-type=\"container\">\n\t\t\t\t<div class=\"elementor-element elementor-element-934336a elementor-widget elementor-widget-image\" data-id=\"934336a\" data-element_type=\"widget\" data-e-type=\"widget\" data-widget_type=\"image.default\">\n\t\t\t\t\t\t\t\t\t\t\t\t\t\t\t<img fetchpriority=\"high\" decoding=\"async\" width=\"900\" height=\"1600\" src=\"https:\/\/www.biograd-boat-tours.com\/wp-content\/uploads\/island-adventures-01.jpg\" class=\"attachment-full size-full wp-image-1298\" alt=\"island adventures 01\" srcset=\"https:\/\/www.biograd-boat-tours.com\/wp-content\/uploads\/island-adventures-01.jpg 900w, https:\/\/www.biograd-boat-tours.com\/wp-content\/uploads\/island-adventures-01-169x300.jpg 169w, https:\/\/www.biograd-boat-tours.com\/wp-content\/uploads\/island-adventures-01-576x1024.jpg 576w, https:\/\/www.biograd-boat-tours.com\/wp-content\/uploads\/island-adventures-01-768x1365.jpg 768w, https:\/\/www.biograd-boat-tours.com\/wp-content\/uploads\/island-adventures-01-864x1536.jpg 864w\" sizes=\"(max-width: 900px) 100vw, 900px\" \/>\t\t\t\t\t\t\t\t\t\t\t\t\t\t\t<\/div>\n\t\t\t\t<\/div>\n\t\t\t\t<\/div>\n\t\t<div class=\"elementor-element elementor-element-9e8ef59 e-con-full e-flex e-con e-child\" data-id=\"9e8ef59\" data-element_type=\"container\" data-e-type=\"container\">\n\t\t<div class=\"elementor-element elementor-element-e116f3d e-con-full e-flex e-con e-child\" data-id=\"e116f3d\" data-element_type=\"container\" data-e-type=\"container\">\n\t\t\t\t<div class=\"elementor-element elementor-element-e42ca63 elementor-widget elementor-widget-image\" data-id=\"e42ca63\" data-element_type=\"widget\" data-e-type=\"widget\" data-widget_type=\"image.default\">\n\t\t\t\t\t\t\t\t\t\t\t\t\t\t\t<img decoding=\"async\" width=\"594\" height=\"1056\" src=\"https:\/\/www.biograd-boat-tours.com\/wp-content\/uploads\/island-adventures-02.jpg\" class=\"attachment-full size-full wp-image-1299\" alt=\"island adventures 02\" srcset=\"https:\/\/www.biograd-boat-tours.com\/wp-content\/uploads\/island-adventures-02.jpg 594w, https:\/\/www.biograd-boat-tours.com\/wp-content\/uploads\/island-adventures-02-169x300.jpg 169w, https:\/\/www.biograd-boat-tours.com\/wp-content\/uploads\/island-adventures-02-576x1024.jpg 576w\" sizes=\"(max-width: 594px) 100vw, 594px\" \/>\t\t\t\t\t\t\t\t\t\t\t\t\t\t\t<\/div>\n\t\t\t\t<\/div>\n\t\t<div class=\"elementor-element elementor-element-0ea2475 e-con-full e-flex e-con e-child\" data-id=\"0ea2475\" data-element_type=\"container\" data-e-type=\"container\">\n\t\t\t\t<div class=\"elementor-element elementor-element-d91c936 elementor-widget elementor-widget-text-editor\" data-id=\"d91c936\" data-element_type=\"widget\" data-e-type=\"widget\" data-widget_type=\"text-editor.default\">\n\t\t\t\t\t\t\t\t\t<h3>Poludnevna avantura na Vrgadi<br \/>(srpanj i kolovoz)<\/h3><p><strong>Trajanje<\/strong>: cca. 09:00 &#8211; 13:30\/14:00 (4,5-5 sati)<\/p><ul><li><p>Vo\u0111ena 90-minutna storytelling tura vodi vas kroz otok Vrgadu, kroz \u0161armantne seoske ulice i sjenovite staze do stare crkve na brdu, s prekrasnim panoramskim pogledom na okolne otoke.<br \/><br \/><\/p><\/li><li><p>Tijekom \u0161etnje slu\u0161ate zanimljive pri\u010de o povijesti, kulturi i tradicionalnom na\u010dinu \u017eivota otoka.<br \/><br \/><\/p><\/li><li><p>Po \u017eelji je mogu\u0107e kratko osvje\u017eenje u lokalnom kafi\u0107u.<\/p><\/li><\/ul>\t\t\t\t\t\t\t\t<\/div>\n\t\t\t\t<\/div>\n\t\t\t\t<\/div>\n\t\t<div class=\"elementor-element elementor-element-27a5191 e-con-full e-flex e-con e-child\" data-id=\"27a5191\" data-element_type=\"container\" data-e-type=\"container\">\n\t\t<div class=\"elementor-element elementor-element-c8c2b23 e-con-full e-flex e-con e-child\" data-id=\"c8c2b23\" data-element_type=\"container\" data-e-type=\"container\">\n\t\t\t\t<div class=\"elementor-element elementor-element-c7a84d0 elementor-widget elementor-widget-text-editor\" data-id=\"c7a84d0\" data-element_type=\"widget\" data-e-type=\"widget\" data-widget_type=\"text-editor.default\">\n\t\t\t\t\t\t\t\t\t<ul><li>Nakon obilaska, povratak na brod na marendu te nastavak plovidbe uz kupanje u prekrasnim usputnim uvalama.<br \/><br \/><\/li><li>Na putu prema i od otoka, obratite pa\u017enju na razigrane dupine u blizini Biograda (njihovo vi\u0111enje nije mogu\u0107e jam\u010diti, ali je uvijek poseban trenutak kada se pojave).<br \/><br \/><\/li><li><p>U\u017eivajte u mirnoj oto\u010dnoj atmosferi, autenti\u010dnom dalmatinskom na\u010dinu \u017eivota i spokojnom moru.<\/p><\/li><\/ul>\t\t\t\t\t\t\t\t<\/div>\n\t\t\t\t<\/div>\n\t\t<div class=\"elementor-element elementor-element-603f78e e-con-full e-flex e-con e-child\" data-id=\"603f78e\" data-element_type=\"container\" data-e-type=\"container\">\n\t\t\t\t<div class=\"elementor-element elementor-element-184f1e8 elementor-widget elementor-widget-image\" data-id=\"184f1e8\" data-element_type=\"widget\" data-e-type=\"widget\" data-widget_type=\"image.default\">\n\t\t\t\t\t\t\t\t\t\t\t\t\t\t\t<img decoding=\"async\" width=\"1600\" height=\"1200\" src=\"https:\/\/www.biograd-boat-tours.com\/wp-content\/uploads\/island-adventures-03.jpg\" class=\"attachment-full size-full wp-image-1300\" alt=\"island adventures 03\" srcset=\"https:\/\/www.biograd-boat-tours.com\/wp-content\/uploads\/island-adventures-03.jpg 1600w, https:\/\/www.biograd-boat-tours.com\/wp-content\/uploads\/island-adventures-03-300x225.jpg 300w, https:\/\/www.biograd-boat-tours.com\/wp-content\/uploads\/island-adventures-03-1024x768.jpg 1024w, https:\/\/www.biograd-boat-tours.com\/wp-content\/uploads\/island-adventures-03-768x576.jpg 768w, https:\/\/www.biograd-boat-tours.com\/wp-content\/uploads\/island-adventures-03-1536x1152.jpg 1536w\" sizes=\"(max-width: 1600px) 100vw, 1600px\" \/>\t\t\t\t\t\t\t\t\t\t\t\t\t\t\t<\/div>\n\t\t\t\t<\/div>\n\t\t\t\t<\/div>\n\t\t\t\t\t<\/div>\n\t\t\t\t<\/div>\n\t\t<div class=\"elementor-element elementor-element-4400c5d e-flex e-con-boxed e-con e-parent\" data-id=\"4400c5d\" data-element_type=\"container\" data-e-type=\"container\" data-settings=\"{&quot;background_background&quot;:&quot;classic&quot;}\">\n\t\t\t\t\t<div class=\"e-con-inner\">\n\t\t\t\t<div class=\"elementor-element elementor-element-8453938 elementor-widget elementor-widget-testimonial\" data-id=\"8453938\" data-element_type=\"widget\" data-e-type=\"widget\" data-widget_type=\"testimonial.default\">\n\t\t\t\t\t\t\t<div class=\"elementor-testimonial-wrapper\">\n\t\t\t\t\t\t\t<div class=\"elementor-testimonial-content\">Nevjerojatan dan na moru! Posada je bila nevjerojatno ljubazna, a hrana ukusna. Toplo preporu\u010dujem obilazak dupina za zabavnu avanturu!<\/div>\n\t\t\t\n\t\t\t\t\t\t<div class=\"elementor-testimonial-meta elementor-has-image elementor-testimonial-image-position-top\">\n\t\t\t\t<div class=\"elementor-testimonial-meta-inner\">\n\t\t\t\t\t\t\t\t\t\t\t<div class=\"elementor-testimonial-image\">\n\t\t\t\t\t\t\t<img loading=\"lazy\" decoding=\"async\" width=\"150\" height=\"150\" src=\"https:\/\/www.biograd-boat-tours.com\/wp-content\/uploads\/review-anna-novak.jpg\" class=\"attachment-full size-full wp-image-1147\" alt=\"review anna novak\" \/>\t\t\t\t\t\t<\/div>\n\t\t\t\t\t\n\t\t\t\t\t\t\t\t\t\t<div class=\"elementor-testimonial-details\">\n\t\t\t\t\t\t\t\t\t\t\t\t\t\t<div class=\"elementor-testimonial-name\">Anna Novak<\/div>\n\t\t\t\t\t\t\t\t\t\t\t\t\t\t\t\t\t\t\t<\/div>\n\t\t\t\t\t\t\t\t\t<\/div>\n\t\t\t<\/div>\n\t\t\t\t\t<\/div>\n\t\t\t\t\t\t<\/div>\n\t\t\t\t\t<\/div>\n\t\t\t\t<\/div>\n\t\t<div class=\"elementor-element elementor-element-c56886b e-flex e-con-boxed e-con e-parent\" data-id=\"c56886b\" data-element_type=\"container\" data-e-type=\"container\" data-settings=\"{&quot;background_background&quot;:&quot;classic&quot;}\">\n\t\t\t\t\t<div class=\"e-con-inner\">\n\t\t\t\t<div class=\"elementor-element elementor-element-dcad4bf elementor-widget elementor-widget-image-box\" data-id=\"dcad4bf\" data-element_type=\"widget\" data-e-type=\"widget\" data-widget_type=\"image-box.default\">\n\t\t\t\t\t<div class=\"elementor-image-box-wrapper\"><div class=\"elementor-image-box-content\"><h2 class=\"elementor-image-box-title\">Za\u0161to odabrati nas za svoju nauti\u010dku avanturu?<\/h2><p class=\"elementor-image-box-description\">U Biograd Boat Toursu naglasak stavljamo na personaliziranu uslugu, izvrsno poznavanje arhipelaga i iskrenu strast prema tradicionalnim do\u017eivljajima na moru.<\/p><\/div><\/div>\t\t\t\t<\/div>\n\t\t<div class=\"elementor-element elementor-element-e8a3f0d e-con-full e-flex e-con e-child\" data-id=\"e8a3f0d\" data-element_type=\"container\" data-e-type=\"container\">\n\t\t<div class=\"elementor-element elementor-element-1203be1 e-con-full e-flex e-con e-child\" data-id=\"1203be1\" data-element_type=\"container\" data-e-type=\"container\">\n\t\t\t\t<div class=\"elementor-element elementor-element-4ce7ff4 elementor-widget elementor-widget-image\" data-id=\"4ce7ff4\" data-element_type=\"widget\" data-e-type=\"widget\" data-widget_type=\"image.default\">\n\t\t\t\t\t\t\t\t\t\t\t\t\t\t\t<img loading=\"lazy\" decoding=\"async\" width=\"1024\" height=\"1024\" src=\"https:\/\/www.biograd-boat-tours.com\/wp-content\/uploads\/experienced-hosts\u200b.jpg\" class=\"attachment-full size-full wp-image-1241\" alt=\"experienced hosts\u200b\" srcset=\"https:\/\/www.biograd-boat-tours.com\/wp-content\/uploads\/experienced-hosts\u200b.jpg 1024w, https:\/\/www.biograd-boat-tours.com\/wp-content\/uploads\/experienced-hosts\u200b-300x300.jpg 300w, https:\/\/www.biograd-boat-tours.com\/wp-content\/uploads\/experienced-hosts\u200b-150x150.jpg 150w, https:\/\/www.biograd-boat-tours.com\/wp-content\/uploads\/experienced-hosts\u200b-768x768.jpg 768w\" sizes=\"(max-width: 1024px) 100vw, 1024px\" \/>\t\t\t\t\t\t\t\t\t\t\t\t\t\t\t<\/div>\n\t\t\t\t<div class=\"elementor-element elementor-element-558317c elementor-widget elementor-widget-hfe-infocard\" data-id=\"558317c\" data-element_type=\"widget\" data-e-type=\"widget\" data-widget_type=\"hfe-infocard.default\">\n\t\t\t\t<div class=\"elementor-widget-container\">\n\t\t\t\t\t\n\t\t<div class=\"hfe-infocard\">\n\t\t\t\t\t\t\t\t\t<div class=\"hfe-infocard-title-wrap\">\n\t\t\t\t<h3 class=\"hfe-infocard-title elementor-inline-editing\" data-elementor-setting-key=\"infocard_title\" data-elementor-inline-editing-toolbar=\"basic\" >Iskusni doma\u0107ini<\/h3>\t\t\t<\/div>\n\t\t\t\t\t\t<div class=\"hfe-infocard-text-wrap\">\n\t\t\t\t<div class=\"hfe-infocard-text elementor-inline-editing\" data-elementor-setting-key=\"infocard_description\" data-elementor-inline-editing-toolbar=\"advanced\">\n\t\t\t\t\tPredvo\u0111eni na\u0161im iskusnim kapetanom Bo\u0161kom, u sigurnim ste rukama. Njegovo opse\u017eno poznavanje podru\u010dja i strast prema moru osiguravaju nezaboravno iskustvo. \t\t\t\t<\/div>\n\t\t\t\t\t\t\t<\/div>\n\t\t<\/div>\n\n\t\t\t\t\t\t<\/div>\n\t\t\t\t<\/div>\n\t\t\t\t<\/div>\n\t\t<div class=\"elementor-element elementor-element-69dcd65 e-con-full e-flex e-con e-child\" data-id=\"69dcd65\" data-element_type=\"container\" data-e-type=\"container\">\n\t\t\t\t<div class=\"elementor-element elementor-element-7d064ca elementor-widget elementor-widget-image\" data-id=\"7d064ca\" data-element_type=\"widget\" data-e-type=\"widget\" data-widget_type=\"image.default\">\n\t\t\t\t\t\t\t\t\t\t\t\t\t\t\t<img loading=\"lazy\" decoding=\"async\" width=\"1361\" height=\"1024\" src=\"https:\/\/www.biograd-boat-tours.com\/wp-content\/uploads\/authentic-experiences\u200b.jpg\" class=\"attachment-full size-full wp-image-1242\" alt=\"authentic experiences\u200b\" srcset=\"https:\/\/www.biograd-boat-tours.com\/wp-content\/uploads\/authentic-experiences\u200b.jpg 1361w, https:\/\/www.biograd-boat-tours.com\/wp-content\/uploads\/authentic-experiences\u200b-300x226.jpg 300w, https:\/\/www.biograd-boat-tours.com\/wp-content\/uploads\/authentic-experiences\u200b-1024x770.jpg 1024w, https:\/\/www.biograd-boat-tours.com\/wp-content\/uploads\/authentic-experiences\u200b-768x578.jpg 768w\" sizes=\"(max-width: 1361px) 100vw, 1361px\" \/>\t\t\t\t\t\t\t\t\t\t\t\t\t\t\t<\/div>\n\t\t\t\t<div class=\"elementor-element elementor-element-7622392 elementor-widget elementor-widget-hfe-infocard\" data-id=\"7622392\" data-element_type=\"widget\" data-e-type=\"widget\" data-widget_type=\"hfe-infocard.default\">\n\t\t\t\t<div class=\"elementor-widget-container\">\n\t\t\t\t\t\n\t\t<div class=\"hfe-infocard\">\n\t\t\t\t\t\t\t\t\t<div class=\"hfe-infocard-title-wrap\">\n\t\t\t\t<h3 class=\"hfe-infocard-title elementor-inline-editing\" data-elementor-setting-key=\"infocard_title\" data-elementor-inline-editing-toolbar=\"basic\" >Autenti\u010dna iskustva<\/h3>\t\t\t<\/div>\n\t\t\t\t\t\t<div class=\"hfe-infocard-text-wrap\">\n\t\t\t\t<div class=\"hfe-infocard-text elementor-inline-editing\" data-elementor-setting-key=\"infocard_description\" data-elementor-inline-editing-toolbar=\"advanced\">\n\t\t\t\t\tZaplovite na tradicionalnom drvenom brodu, gdje svaka tura spaja povijest, pri\u010de i autenti\u010dne trenutke, pru\u017eaju\u0107i vam nezaboravan do\u017eivljaj mora.\t\t\t\t<\/div>\n\t\t\t\t\t\t\t<\/div>\n\t\t<\/div>\n\n\t\t\t\t\t\t<\/div>\n\t\t\t\t<\/div>\n\t\t\t\t<\/div>\n\t\t\t\t<\/div>\n\t\t\t\t\t<\/div>\n\t\t\t\t<\/div>\n\t\t<div class=\"elementor-element elementor-element-85659f3 e-flex e-con-boxed e-con e-parent\" data-id=\"85659f3\" data-element_type=\"container\" data-e-type=\"container\" data-settings=\"{&quot;background_background&quot;:&quot;classic&quot;}\">\n\t\t\t\t\t<div class=\"e-con-inner\">\n\t\t\t\t<div class=\"elementor-element elementor-element-037da3e elementor-widget elementor-widget-image-box\" data-id=\"037da3e\" data-element_type=\"widget\" data-e-type=\"widget\" data-widget_type=\"image-box.default\">\n\t\t\t\t\t<div class=\"elementor-image-box-wrapper\"><div class=\"elementor-image-box-content\"><h2 class=\"elementor-image-box-title\">Ostavite nam recenziju<\/h2><p class=\"elementor-image-box-description\">Ako ste u\u017eivali u vremenu provedenom s nama na moru, bilo bi nam iskreno drago \u010duti va\u0161e dojmove. Podijelite svoje iskustvo i pomozite drugima da otkriju na\u0161 drveni brod i do\u017eive more na svoj na\u010din.<\/p><\/div><\/div>\t\t\t\t<\/div>\n\t\t\t\t<div class=\"elementor-element elementor-element-efe4fd0 elementor-align-center elementor-widget elementor-widget-button\" data-id=\"efe4fd0\" data-element_type=\"widget\" data-e-type=\"widget\" data-widget_type=\"button.default\">\n\t\t\t\t\t\t\t\t\t\t<a class=\"elementor-button elementor-button-link elementor-size-sm\" href=\"https:\/\/g.page\/r\/CR2Kvs76LQe7EBM\/review\" target=\"_blank\">\n\t\t\t\t\t\t<span class=\"elementor-button-content-wrapper\">\n\t\t\t\t\t\t\t\t\t<span class=\"elementor-button-text\">Napi\u0161ite recenziju na Googleu<\/span>\n\t\t\t\t\t<\/span>\n\t\t\t\t\t<\/a>\n\t\t\t\t\t\t\t\t<\/div>\n\t\t\t\t\t<\/div>\n\t\t\t\t<\/div>\n\t\t\t\t<\/div>\n\t\t","protected":false},"excerpt":{"rendered":"<p>Na\u0161i izleti \ud83c\udfdd\ufe0f Oto\u010dne avanture Zakora\u010dite u autenti\u010dni oto\u010dni \u017eivot i do\u017eivite Dalmaciju na jedinstven na\u010din. Vo\u0111ena oto\u010dka tura &#8211; [&hellip;]<\/p>\n","protected":false},"author":1,"featured_media":0,"parent":1261,"menu_order":0,"comment_status":"closed","ping_status":"closed","template":"","meta":{"site-sidebar-layout":"no-sidebar","site-content-layout":"","ast-site-content-layout":"full-width-container","site-content-style":"default","site-sidebar-style":"default","ast-global-header-display":"","ast-banner-title-visibility":"","ast-main-header-display":"","ast-hfb-above-header-display":"","ast-hfb-below-header-display":"","ast-hfb-mobile-header-display":"","site-post-title":"disabled","ast-breadcrumbs-content":"","ast-featured-img":"disabled","footer-sml-layout":"","ast-disable-related-posts":"","theme-transparent-header-meta":"","adv-header-id-meta":"","stick-header-meta":"","header-above-stick-meta":"","header-main-stick-meta":"","header-below-stick-meta":"","astra-migrate-meta-layouts":"default","ast-page-background-enabled":"default","ast-page-background-meta":{"desktop":{"background-color":"var(--ast-global-color-5)","background-image":"","background-repeat":"repeat","background-position":"center center","background-size":"auto","background-attachment":"scroll","background-type":"","background-media":"","overlay-type":"","overlay-color":"","overlay-opacity":"","overlay-gradient":""},"tablet":{"background-color":"","background-image":"","background-repeat":"repeat","background-position":"center center","background-size":"auto","background-attachment":"scroll","background-type":"","background-media":"","overlay-type":"","overlay-color":"","overlay-opacity":"","overlay-gradient":""},"mobile":{"background-color":"","background-image":"","background-repeat":"repeat","background-position":"center center","background-size":"auto","background-attachment":"scroll","background-type":"","background-media":"","overlay-type":"","overlay-color":"","overlay-opacity":"","overlay-gradient":""}},"ast-content-background-meta":{"desktop":{"background-color":"var(--ast-global-color-4)","background-image":"","background-repeat":"repeat","background-position":"center center","background-size":"auto","background-attachment":"scroll","background-type":"","background-media":"","overlay-type":"","overlay-color":"","overlay-opacity":"","overlay-gradient":""},"tablet":{"background-color":"var(--ast-global-color-4)","background-image":"","background-repeat":"repeat","background-position":"center center","background-size":"auto","background-attachment":"scroll","background-type":"","background-media":"","overlay-type":"","overlay-color":"","overlay-opacity":"","overlay-gradient":""},"mobile":{"background-color":"var(--ast-global-color-4)","background-image":"","background-repeat":"repeat","background-position":"center center","background-size":"auto","background-attachment":"scroll","background-type":"","background-media":"","overlay-type":"","overlay-color":"","overlay-opacity":"","overlay-gradient":""}},"footnotes":""},"class_list":["post-1297","page","type-page","status-publish","hentry"],"_links":{"self":[{"href":"https:\/\/www.biograd-boat-tours.com\/hr\/wp-json\/wp\/v2\/pages\/1297","targetHints":{"allow":["GET"]}}],"collection":[{"href":"https:\/\/www.biograd-boat-tours.com\/hr\/wp-json\/wp\/v2\/pages"}],"about":[{"href":"https:\/\/www.biograd-boat-tours.com\/hr\/wp-json\/wp\/v2\/types\/page"}],"author":[{"embeddable":true,"href":"https:\/\/www.biograd-boat-tours.com\/hr\/wp-json\/wp\/v2\/users\/1"}],"replies":[{"embeddable":true,"href":"https:\/\/www.biograd-boat-tours.com\/hr\/wp-json\/wp\/v2\/comments?post=1297"}],"version-history":[{"count":0,"href":"https:\/\/www.biograd-boat-tours.com\/hr\/wp-json\/wp\/v2\/pages\/1297\/revisions"}],"up":[{"embeddable":true,"href":"https:\/\/www.biograd-boat-tours.com\/hr\/wp-json\/wp\/v2\/pages\/1261"}],"wp:attachment":[{"href":"https:\/\/www.biograd-boat-tours.com\/hr\/wp-json\/wp\/v2\/media?parent=1297"}],"curies":[{"name":"wp","href":"https:\/\/api.w.org\/{rel}","templated":true}]}}