{"id":1287,"date":"2026-03-31T07:21:15","date_gmt":"2026-03-31T05:21:15","guid":{"rendered":"https:\/\/www.biograd-boat-tours.com\/our-tours\/half-day-experience\/"},"modified":"2026-04-20T17:08:45","modified_gmt":"2026-04-20T15:08:45","slug":"half-day-experience","status":"publish","type":"page","link":"https:\/\/www.biograd-boat-tours.com\/hr\/our-tours\/half-day-experience\/","title":{"rendered":"Poludnevno iskustvo"},"content":{"rendered":"\t\t<div data-elementor-type=\"wp-page\" data-elementor-id=\"1287\" class=\"elementor elementor-1287 elementor-803\">\n\t\t\t\t<div class=\"elementor-element elementor-element-08d2b1d e-flex e-con-boxed e-con e-parent\" data-id=\"08d2b1d\" data-element_type=\"container\" data-e-type=\"container\" data-settings=\"{&quot;background_background&quot;:&quot;classic&quot;}\">\n\t\t\t\t\t<div class=\"e-con-inner\">\n\t\t\t\t<div class=\"elementor-element elementor-element-cb732a3 elementor-widget elementor-widget-heading\" data-id=\"cb732a3\" data-element_type=\"widget\" data-e-type=\"widget\" data-widget_type=\"heading.default\">\n\t\t\t\t\t<h1 class=\"elementor-heading-title elementor-size-default\">Na\u0161i izleti<\/h1>\t\t\t\t<\/div>\n\t\t\t\t\t<\/div>\n\t\t\t\t<\/div>\n\t\t<div class=\"elementor-element elementor-element-1821ff6 e-flex e-con-boxed e-con e-parent\" data-id=\"1821ff6\" data-element_type=\"container\" data-e-type=\"container\" data-settings=\"{&quot;background_background&quot;:&quot;classic&quot;}\">\n\t\t\t\t\t<div class=\"e-con-inner\">\n\t\t\t\t<div class=\"elementor-element elementor-element-63eecf7 elementor-widget elementor-widget-image-box\" data-id=\"63eecf7\" data-element_type=\"widget\" data-e-type=\"widget\" data-widget_type=\"image-box.default\">\n\t\t\t\t\t<div class=\"elementor-image-box-wrapper\"><div class=\"elementor-image-box-content\"><h2 class=\"elementor-image-box-title\">\ud83d\udc2c Poludnevni izlet s dupinima<\/h2><\/div><\/div>\t\t\t\t<\/div>\n\t\t<div class=\"elementor-element elementor-element-afc57ec e-con-full e-flex e-con e-child\" data-id=\"afc57ec\" data-element_type=\"container\" data-e-type=\"container\">\n\t\t<div class=\"elementor-element elementor-element-ffaa9a4 e-con-full e-flex e-con e-child\" data-id=\"ffaa9a4\" data-element_type=\"container\" data-e-type=\"container\">\n\t\t\t\t<div class=\"elementor-element elementor-element-361eb05 elementor-widget elementor-widget-text-editor\" data-id=\"361eb05\" data-element_type=\"widget\" data-e-type=\"widget\" data-widget_type=\"text-editor.default\">\n\t\t\t\t\t\t\t\t\t<p>Opustite se i do\u017eivite more u njegovom najljep\u0161em izdanju na poludnevnom izletu kroz dalmatinski arhipelag. Plovite izme\u0111u Biograda i Vrgade, kroz male oto\u010di\u0107e i otvoreni pogled prema Kornatima, a uz malo sre\u0107e do\u017eivjet \u0107ete susret s razigranim dupinima u njihovom prirodnom okru\u017eenju &#8211; trenutak koji se dugo pamti.<\/p><p><strong>Trajanje<\/strong><\/p><p>Predvi\u0111eno vrijeme: 09:00-13:00 ili 14:00-18:00<br \/>Vrijeme polaska mo\u017ee varirati ovisno o dnevnom rasporedu i rezervacijama.<\/p><p><strong>Do\u017eivljaj<\/strong><\/p><p>Plovimo kroz male oto\u010di\u0107e na\u0161eg arhipelaga, prolazimo podru\u010djem ribogojili\u0161ta i nastavljamo prema Vrgadi. Uz malo sre\u0107e, na tom dijelu puta mogu se vidjeti dupini kako se igraju i hrane, a ponekad zaplivaju tik uz brod, stvaraju\u0107i nezaboravne &#8220;wow&#8221; trenutke koji odu\u0161evljavaju i djecu i odrasle. Ovaj je izlet posebno popularan me\u0111u obiteljima, jer pru\u017ea priliku za jedinstven susret s dupinima u njihovom prirodnom okru\u017eenju.<\/p>\t\t\t\t\t\t\t\t<\/div>\n\t\t\t\t<\/div>\n\t\t<div class=\"elementor-element elementor-element-dbafcaf e-con-full e-flex e-con e-child\" data-id=\"dbafcaf\" data-element_type=\"container\" data-e-type=\"container\">\n\t\t\t\t<div class=\"elementor-element elementor-element-934336a elementor-widget elementor-widget-image\" data-id=\"934336a\" data-element_type=\"widget\" data-e-type=\"widget\" data-widget_type=\"image.default\">\n\t\t\t\t\t\t\t\t\t\t\t\t\t\t\t<img fetchpriority=\"high\" decoding=\"async\" width=\"1080\" height=\"810\" src=\"https:\/\/www.biograd-boat-tours.com\/wp-content\/uploads\/half-day-experience-01.jpg\" class=\"attachment-full size-full wp-image-1288\" alt=\"half day experience 01\" srcset=\"https:\/\/www.biograd-boat-tours.com\/wp-content\/uploads\/half-day-experience-01.jpg 1080w, https:\/\/www.biograd-boat-tours.com\/wp-content\/uploads\/half-day-experience-01-300x225.jpg 300w, https:\/\/www.biograd-boat-tours.com\/wp-content\/uploads\/half-day-experience-01-1024x768.jpg 1024w, https:\/\/www.biograd-boat-tours.com\/wp-content\/uploads\/half-day-experience-01-768x576.jpg 768w\" sizes=\"(max-width: 1080px) 100vw, 1080px\" \/>\t\t\t\t\t\t\t\t\t\t\t\t\t\t\t<\/div>\n\t\t\t\t<\/div>\n\t\t\t\t<\/div>\n\t\t<div class=\"elementor-element elementor-element-9e8ef59 e-con-full e-flex e-con e-child\" data-id=\"9e8ef59\" data-element_type=\"container\" data-e-type=\"container\">\n\t\t<div class=\"elementor-element elementor-element-e116f3d e-con-full e-flex e-con e-child\" data-id=\"e116f3d\" data-element_type=\"container\" data-e-type=\"container\">\n\t\t\t\t<div class=\"elementor-element elementor-element-e42ca63 elementor-widget elementor-widget-image\" data-id=\"e42ca63\" data-element_type=\"widget\" data-e-type=\"widget\" data-widget_type=\"image.default\">\n\t\t\t\t\t\t\t\t\t\t\t\t\t\t\t<img decoding=\"async\" width=\"1080\" height=\"1920\" src=\"https:\/\/www.biograd-boat-tours.com\/wp-content\/uploads\/half-day-experience-02.jpg\" class=\"attachment-full size-full wp-image-1289\" alt=\"half day experience 02\" srcset=\"https:\/\/www.biograd-boat-tours.com\/wp-content\/uploads\/half-day-experience-02.jpg 1080w, https:\/\/www.biograd-boat-tours.com\/wp-content\/uploads\/half-day-experience-02-169x300.jpg 169w, https:\/\/www.biograd-boat-tours.com\/wp-content\/uploads\/half-day-experience-02-576x1024.jpg 576w, https:\/\/www.biograd-boat-tours.com\/wp-content\/uploads\/half-day-experience-02-768x1365.jpg 768w, https:\/\/www.biograd-boat-tours.com\/wp-content\/uploads\/half-day-experience-02-864x1536.jpg 864w\" sizes=\"(max-width: 1080px) 100vw, 1080px\" \/>\t\t\t\t\t\t\t\t\t\t\t\t\t\t\t<\/div>\n\t\t\t\t<\/div>\n\t\t<div class=\"elementor-element elementor-element-0ea2475 e-con-full e-flex e-con e-child\" data-id=\"0ea2475\" data-element_type=\"container\" data-e-type=\"container\">\n\t\t\t\t<div class=\"elementor-element elementor-element-d91c936 elementor-widget elementor-widget-text-editor\" data-id=\"d91c936\" data-element_type=\"widget\" data-e-type=\"widget\" data-widget_type=\"text-editor.default\">\n\t\t\t\t\t\t\t\t\t<p><strong>Otok Vrgada<\/strong><\/p><p>Dolazimo u \u0161armantnu luku Vrgade, mirnog i autenti\u010dnog dalmatinskog otoka na kojem se \u017eivot odvija opu\u0161tenim, pje\u0161a\u010dkim tempom &#8211; ba\u0161 kao nekada. Iz luke slijedi kratka \u0161etnja do pje\u0161\u010dane pla\u017ee, savr\u0161enog mjesta za kupanje, \u0161etnju ili jednostavno opu\u0161tanje uz more. U samoj luci i njezinoj blizini nalaze se i nekoliko malih lokalnih restorana gdje mo\u017eete u\u017eivati u kavi, laganom obroku ili osvje\u017eavaju\u0107em pi\u0107u.<\/p><p><strong>Na brodu<\/strong><\/p><p>Pi\u0107a su uklju\u010dena na brodu, tako da mo\u017eete u\u017eivati \u200b\u200bu opu\u0161tenom i bezbri\u017enom vremenu na moru.<\/p><p>(Hrana se ne poslu\u017euje na ovom izletu)<\/p>\t\t\t\t\t\t\t\t<\/div>\n\t\t\t\t<\/div>\n\t\t\t\t<\/div>\n\t\t\t\t\t<\/div>\n\t\t\t\t<\/div>\n\t\t<div class=\"elementor-element elementor-element-4b3bc85 e-flex e-con-boxed e-con e-parent\" data-id=\"4b3bc85\" data-element_type=\"container\" data-e-type=\"container\" data-settings=\"{&quot;background_background&quot;:&quot;classic&quot;}\">\n\t\t\t\t\t<div class=\"e-con-inner\">\n\t\t\t\t<div class=\"elementor-element elementor-element-6ad0f16 elementor-widget elementor-widget-testimonial\" data-id=\"6ad0f16\" data-element_type=\"widget\" data-e-type=\"widget\" data-widget_type=\"testimonial.default\">\n\t\t\t\t\t\t\t<div class=\"elementor-testimonial-wrapper\">\n\t\t\t\t\t\t\t<div class=\"elementor-testimonial-content\">Nevjerojatan dan na moru! Posada je bila nevjerojatno ljubazna, a hrana ukusna. Toplo preporu\u010dujem obilazak dupina za zabavnu avanturu!<\/div>\n\t\t\t\n\t\t\t\t\t\t<div class=\"elementor-testimonial-meta elementor-has-image elementor-testimonial-image-position-top\">\n\t\t\t\t<div class=\"elementor-testimonial-meta-inner\">\n\t\t\t\t\t\t\t\t\t\t\t<div class=\"elementor-testimonial-image\">\n\t\t\t\t\t\t\t<img decoding=\"async\" width=\"150\" height=\"150\" src=\"https:\/\/www.biograd-boat-tours.com\/wp-content\/uploads\/review-anna-novak.jpg\" class=\"attachment-full size-full wp-image-1147\" alt=\"review anna novak\" \/>\t\t\t\t\t\t<\/div>\n\t\t\t\t\t\n\t\t\t\t\t\t\t\t\t\t<div class=\"elementor-testimonial-details\">\n\t\t\t\t\t\t\t\t\t\t\t\t\t\t<div class=\"elementor-testimonial-name\">Anna Novak<\/div>\n\t\t\t\t\t\t\t\t\t\t\t\t\t\t\t\t\t\t\t<\/div>\n\t\t\t\t\t\t\t\t\t<\/div>\n\t\t\t<\/div>\n\t\t\t\t\t<\/div>\n\t\t\t\t\t\t<\/div>\n\t\t\t\t\t<\/div>\n\t\t\t\t<\/div>\n\t\t<div class=\"elementor-element elementor-element-5b51e2f e-flex e-con-boxed e-con e-parent\" data-id=\"5b51e2f\" data-element_type=\"container\" data-e-type=\"container\" data-settings=\"{&quot;background_background&quot;:&quot;classic&quot;}\">\n\t\t\t\t\t<div class=\"e-con-inner\">\n\t\t\t\t<div class=\"elementor-element elementor-element-4f4c4b8 elementor-widget elementor-widget-image-box\" data-id=\"4f4c4b8\" data-element_type=\"widget\" data-e-type=\"widget\" data-widget_type=\"image-box.default\">\n\t\t\t\t\t<div class=\"elementor-image-box-wrapper\"><div class=\"elementor-image-box-content\"><h2 class=\"elementor-image-box-title\">Za\u0161to odabrati nas za svoju nauti\u010dku avanturu?<\/h2><p class=\"elementor-image-box-description\">U Biograd Boat Toursu naglasak stavljamo na personaliziranu uslugu, izvrsno poznavanje arhipelaga i iskrenu strast prema tradicionalnim do\u017eivljajima na moru.<\/p><\/div><\/div>\t\t\t\t<\/div>\n\t\t<div class=\"elementor-element elementor-element-daec31e e-con-full e-flex e-con e-child\" data-id=\"daec31e\" data-element_type=\"container\" data-e-type=\"container\">\n\t\t<div class=\"elementor-element elementor-element-02083d3 e-con-full e-flex e-con e-child\" data-id=\"02083d3\" data-element_type=\"container\" data-e-type=\"container\">\n\t\t\t\t<div class=\"elementor-element elementor-element-6532a79 elementor-widget elementor-widget-image\" data-id=\"6532a79\" data-element_type=\"widget\" data-e-type=\"widget\" data-widget_type=\"image.default\">\n\t\t\t\t\t\t\t\t\t\t\t\t\t\t\t<img loading=\"lazy\" decoding=\"async\" width=\"1024\" height=\"1024\" src=\"https:\/\/www.biograd-boat-tours.com\/wp-content\/uploads\/experienced-hosts\u200b.jpg\" class=\"attachment-full size-full wp-image-1241\" alt=\"experienced hosts\u200b\" srcset=\"https:\/\/www.biograd-boat-tours.com\/wp-content\/uploads\/experienced-hosts\u200b.jpg 1024w, https:\/\/www.biograd-boat-tours.com\/wp-content\/uploads\/experienced-hosts\u200b-300x300.jpg 300w, https:\/\/www.biograd-boat-tours.com\/wp-content\/uploads\/experienced-hosts\u200b-150x150.jpg 150w, https:\/\/www.biograd-boat-tours.com\/wp-content\/uploads\/experienced-hosts\u200b-768x768.jpg 768w\" sizes=\"(max-width: 1024px) 100vw, 1024px\" \/>\t\t\t\t\t\t\t\t\t\t\t\t\t\t\t<\/div>\n\t\t\t\t<div class=\"elementor-element elementor-element-0d88833 elementor-widget elementor-widget-hfe-infocard\" data-id=\"0d88833\" data-element_type=\"widget\" data-e-type=\"widget\" data-widget_type=\"hfe-infocard.default\">\n\t\t\t\t<div class=\"elementor-widget-container\">\n\t\t\t\t\t\n\t\t<div class=\"hfe-infocard\">\n\t\t\t\t\t\t\t\t\t<div class=\"hfe-infocard-title-wrap\">\n\t\t\t\t<h3 class=\"hfe-infocard-title elementor-inline-editing\" data-elementor-setting-key=\"infocard_title\" data-elementor-inline-editing-toolbar=\"basic\" >Iskusni doma\u0107ini<\/h3>\t\t\t<\/div>\n\t\t\t\t\t\t<div class=\"hfe-infocard-text-wrap\">\n\t\t\t\t<div class=\"hfe-infocard-text elementor-inline-editing\" data-elementor-setting-key=\"infocard_description\" data-elementor-inline-editing-toolbar=\"advanced\">\n\t\t\t\t\tPredvo\u0111eni na\u0161im iskusnim kapetanom Bo\u0161kom, u sigurnim ste rukama. Njegovo opse\u017eno poznavanje podru\u010dja i strast prema moru osiguravaju nezaboravno iskustvo. \t\t\t\t<\/div>\n\t\t\t\t\t\t\t<\/div>\n\t\t<\/div>\n\n\t\t\t\t\t\t<\/div>\n\t\t\t\t<\/div>\n\t\t\t\t<\/div>\n\t\t<div class=\"elementor-element elementor-element-dfcb477 e-con-full e-flex e-con e-child\" data-id=\"dfcb477\" data-element_type=\"container\" data-e-type=\"container\">\n\t\t\t\t<div class=\"elementor-element elementor-element-78e47b3 elementor-widget elementor-widget-image\" data-id=\"78e47b3\" data-element_type=\"widget\" data-e-type=\"widget\" data-widget_type=\"image.default\">\n\t\t\t\t\t\t\t\t\t\t\t\t\t\t\t<img loading=\"lazy\" decoding=\"async\" width=\"1361\" height=\"1024\" src=\"https:\/\/www.biograd-boat-tours.com\/wp-content\/uploads\/authentic-experiences\u200b.jpg\" class=\"attachment-full size-full wp-image-1242\" alt=\"authentic experiences\u200b\" srcset=\"https:\/\/www.biograd-boat-tours.com\/wp-content\/uploads\/authentic-experiences\u200b.jpg 1361w, https:\/\/www.biograd-boat-tours.com\/wp-content\/uploads\/authentic-experiences\u200b-300x226.jpg 300w, https:\/\/www.biograd-boat-tours.com\/wp-content\/uploads\/authentic-experiences\u200b-1024x770.jpg 1024w, https:\/\/www.biograd-boat-tours.com\/wp-content\/uploads\/authentic-experiences\u200b-768x578.jpg 768w\" sizes=\"(max-width: 1361px) 100vw, 1361px\" \/>\t\t\t\t\t\t\t\t\t\t\t\t\t\t\t<\/div>\n\t\t\t\t<div class=\"elementor-element elementor-element-7f3bd25 elementor-widget elementor-widget-hfe-infocard\" data-id=\"7f3bd25\" data-element_type=\"widget\" data-e-type=\"widget\" data-widget_type=\"hfe-infocard.default\">\n\t\t\t\t<div class=\"elementor-widget-container\">\n\t\t\t\t\t\n\t\t<div class=\"hfe-infocard\">\n\t\t\t\t\t\t\t\t\t<div class=\"hfe-infocard-title-wrap\">\n\t\t\t\t<h3 class=\"hfe-infocard-title elementor-inline-editing\" data-elementor-setting-key=\"infocard_title\" data-elementor-inline-editing-toolbar=\"basic\" >Autenti\u010dna iskustva<\/h3>\t\t\t<\/div>\n\t\t\t\t\t\t<div class=\"hfe-infocard-text-wrap\">\n\t\t\t\t<div class=\"hfe-infocard-text elementor-inline-editing\" data-elementor-setting-key=\"infocard_description\" data-elementor-inline-editing-toolbar=\"advanced\">\n\t\t\t\t\tZaplovite na tradicionalnom drvenom brodu, gdje svaka tura spaja povijest, pri\u010de i autenti\u010dne trenutke, pru\u017eaju\u0107i vam nezaboravan do\u017eivljaj mora. \t\t\t\t<\/div>\n\t\t\t\t\t\t\t<\/div>\n\t\t<\/div>\n\n\t\t\t\t\t\t<\/div>\n\t\t\t\t<\/div>\n\t\t\t\t<\/div>\n\t\t\t\t<\/div>\n\t\t\t\t\t<\/div>\n\t\t\t\t<\/div>\n\t\t<div class=\"elementor-element elementor-element-1792b91 e-flex e-con-boxed e-con e-parent\" data-id=\"1792b91\" data-element_type=\"container\" data-e-type=\"container\" data-settings=\"{&quot;background_background&quot;:&quot;classic&quot;}\">\n\t\t\t\t\t<div class=\"e-con-inner\">\n\t\t\t\t<div class=\"elementor-element elementor-element-e9110ba elementor-widget elementor-widget-image-box\" data-id=\"e9110ba\" data-element_type=\"widget\" data-e-type=\"widget\" data-widget_type=\"image-box.default\">\n\t\t\t\t\t<div class=\"elementor-image-box-wrapper\"><div class=\"elementor-image-box-content\"><h2 class=\"elementor-image-box-title\">Ostavite nam recenziju<\/h2><p class=\"elementor-image-box-description\">Ako ste u\u017eivali u vremenu provedenom s nama na moru, bilo bi nam iskreno drago \u010duti va\u0161e dojmove. Podijelite svoje iskustvo i pomozite drugima da otkriju na\u0161 drveni brod i do\u017eive more na svoj na\u010din.<\/p><\/div><\/div>\t\t\t\t<\/div>\n\t\t\t\t<div class=\"elementor-element elementor-element-014af3a elementor-align-center elementor-widget elementor-widget-button\" data-id=\"014af3a\" data-element_type=\"widget\" data-e-type=\"widget\" data-widget_type=\"button.default\">\n\t\t\t\t\t\t\t\t\t\t<a class=\"elementor-button elementor-button-link elementor-size-sm\" href=\"https:\/\/g.page\/r\/CR2Kvs76LQe7EBM\/review\" target=\"_blank\">\n\t\t\t\t\t\t<span class=\"elementor-button-content-wrapper\">\n\t\t\t\t\t\t\t\t\t<span class=\"elementor-button-text\">Napi\u0161ite recenziju na Googleu<\/span>\n\t\t\t\t\t<\/span>\n\t\t\t\t\t<\/a>\n\t\t\t\t\t\t\t\t<\/div>\n\t\t\t\t\t<\/div>\n\t\t\t\t<\/div>\n\t\t\t\t<\/div>\n\t\t","protected":false},"excerpt":{"rendered":"<p>Na\u0161i izleti \ud83d\udc2c Poludnevni izlet s dupinima Opustite se i do\u017eivite more u njegovom najljep\u0161em izdanju na poludnevnom izletu kroz [&hellip;]<\/p>\n","protected":false},"author":1,"featured_media":0,"parent":1261,"menu_order":0,"comment_status":"closed","ping_status":"closed","template":"","meta":{"site-sidebar-layout":"no-sidebar","site-content-layout":"","ast-site-content-layout":"full-width-container","site-content-style":"default","site-sidebar-style":"default","ast-global-header-display":"","ast-banner-title-visibility":"","ast-main-header-display":"","ast-hfb-above-header-display":"","ast-hfb-below-header-display":"","ast-hfb-mobile-header-display":"","site-post-title":"disabled","ast-breadcrumbs-content":"","ast-featured-img":"disabled","footer-sml-layout":"","ast-disable-related-posts":"","theme-transparent-header-meta":"","adv-header-id-meta":"","stick-header-meta":"","header-above-stick-meta":"","header-main-stick-meta":"","header-below-stick-meta":"","astra-migrate-meta-layouts":"default","ast-page-background-enabled":"default","ast-page-background-meta":{"desktop":{"background-color":"var(--ast-global-color-5)","background-image":"","background-repeat":"repeat","background-position":"center center","background-size":"auto","background-attachment":"scroll","background-type":"","background-media":"","overlay-type":"","overlay-color":"","overlay-opacity":"","overlay-gradient":""},"tablet":{"background-color":"","background-image":"","background-repeat":"repeat","background-position":"center center","background-size":"auto","background-attachment":"scroll","background-type":"","background-media":"","overlay-type":"","overlay-color":"","overlay-opacity":"","overlay-gradient":""},"mobile":{"background-color":"","background-image":"","background-repeat":"repeat","background-position":"center center","background-size":"auto","background-attachment":"scroll","background-type":"","background-media":"","overlay-type":"","overlay-color":"","overlay-opacity":"","overlay-gradient":""}},"ast-content-background-meta":{"desktop":{"background-color":"var(--ast-global-color-4)","background-image":"","background-repeat":"repeat","background-position":"center center","background-size":"auto","background-attachment":"scroll","background-type":"","background-media":"","overlay-type":"","overlay-color":"","overlay-opacity":"","overlay-gradient":""},"tablet":{"background-color":"var(--ast-global-color-4)","background-image":"","background-repeat":"repeat","background-position":"center center","background-size":"auto","background-attachment":"scroll","background-type":"","background-media":"","overlay-type":"","overlay-color":"","overlay-opacity":"","overlay-gradient":""},"mobile":{"background-color":"var(--ast-global-color-4)","background-image":"","background-repeat":"repeat","background-position":"center center","background-size":"auto","background-attachment":"scroll","background-type":"","background-media":"","overlay-type":"","overlay-color":"","overlay-opacity":"","overlay-gradient":""}},"footnotes":""},"class_list":["post-1287","page","type-page","status-publish","hentry"],"_links":{"self":[{"href":"https:\/\/www.biograd-boat-tours.com\/hr\/wp-json\/wp\/v2\/pages\/1287","targetHints":{"allow":["GET"]}}],"collection":[{"href":"https:\/\/www.biograd-boat-tours.com\/hr\/wp-json\/wp\/v2\/pages"}],"about":[{"href":"https:\/\/www.biograd-boat-tours.com\/hr\/wp-json\/wp\/v2\/types\/page"}],"author":[{"embeddable":true,"href":"https:\/\/www.biograd-boat-tours.com\/hr\/wp-json\/wp\/v2\/users\/1"}],"replies":[{"embeddable":true,"href":"https:\/\/www.biograd-boat-tours.com\/hr\/wp-json\/wp\/v2\/comments?post=1287"}],"version-history":[{"count":0,"href":"https:\/\/www.biograd-boat-tours.com\/hr\/wp-json\/wp\/v2\/pages\/1287\/revisions"}],"up":[{"embeddable":true,"href":"https:\/\/www.biograd-boat-tours.com\/hr\/wp-json\/wp\/v2\/pages\/1261"}],"wp:attachment":[{"href":"https:\/\/www.biograd-boat-tours.com\/hr\/wp-json\/wp\/v2\/media?parent=1287"}],"curies":[{"name":"wp","href":"https:\/\/api.w.org\/{rel}","templated":true}]}}