{"id":1276,"date":"2026-03-30T18:48:56","date_gmt":"2026-03-30T16:48:56","guid":{"rendered":"https:\/\/www.biograd-boat-tours.com\/our-tours\/full-day-tour\/"},"modified":"2026-04-20T17:08:37","modified_gmt":"2026-04-20T15:08:37","slug":"full-day-tour","status":"publish","type":"page","link":"https:\/\/www.biograd-boat-tours.com\/hr\/our-tours\/full-day-tour\/","title":{"rendered":"Cjelodnevni izlet"},"content":{"rendered":"\t\t<div data-elementor-type=\"wp-page\" data-elementor-id=\"1276\" class=\"elementor elementor-1276 elementor-782\">\n\t\t\t\t<div class=\"elementor-element elementor-element-08d2b1d e-flex e-con-boxed e-con e-parent\" data-id=\"08d2b1d\" data-element_type=\"container\" data-e-type=\"container\" data-settings=\"{&quot;background_background&quot;:&quot;classic&quot;}\">\n\t\t\t\t\t<div class=\"e-con-inner\">\n\t\t\t\t<div class=\"elementor-element elementor-element-cb732a3 elementor-widget elementor-widget-heading\" data-id=\"cb732a3\" data-element_type=\"widget\" data-e-type=\"widget\" data-widget_type=\"heading.default\">\n\t\t\t\t\t<h1 class=\"elementor-heading-title elementor-size-default\">Na\u0161i izleti<\/h1>\t\t\t\t<\/div>\n\t\t\t\t\t<\/div>\n\t\t\t\t<\/div>\n\t\t<div class=\"elementor-element elementor-element-1821ff6 e-flex e-con-boxed e-con e-parent\" data-id=\"1821ff6\" data-element_type=\"container\" data-e-type=\"container\" data-settings=\"{&quot;background_background&quot;:&quot;classic&quot;}\">\n\t\t\t\t\t<div class=\"e-con-inner\">\n\t\t\t\t<div class=\"elementor-element elementor-element-63eecf7 elementor-widget elementor-widget-image-box\" data-id=\"63eecf7\" data-element_type=\"widget\" data-e-type=\"widget\" data-widget_type=\"image-box.default\">\n\t\t\t\t\t<div class=\"elementor-image-box-wrapper\"><div class=\"elementor-image-box-content\"><h2 class=\"elementor-image-box-title\">\u2600\ufe0f Cjelodnevni privatni izlet brodom: Kornati i Tela\u0161\u0107ica<\/h2><\/div><\/div>\t\t\t\t<\/div>\n\t\t<div class=\"elementor-element elementor-element-afc57ec e-con-full e-flex e-con e-child\" data-id=\"afc57ec\" data-element_type=\"container\" data-e-type=\"container\">\n\t\t<div class=\"elementor-element elementor-element-ffaa9a4 e-con-full e-flex e-con e-child\" data-id=\"ffaa9a4\" data-element_type=\"container\" data-e-type=\"container\">\n\t\t\t\t<div class=\"elementor-element elementor-element-361eb05 elementor-widget elementor-widget-text-editor\" data-id=\"361eb05\" data-element_type=\"widget\" data-e-type=\"widget\" data-widget_type=\"text-editor.default\">\n\t\t\t\t\t\t\t\t\t<p>Otkrijte dalmatinske otoke na privatnom izletu, uz opu\u0161teno i profesionalno vodstvo s dugogodi\u0161njim iskustvom, na tradicionalnom drvenom brodu, istra\u017euju\u0107i uvale i otoke u svom tempu.<\/p><p><strong>Opis<\/strong><\/p><ul><li>Trajanje: 09:00 &#8211; 17:30\/18:00<\/li><li>Polazak s privatnog doka na pla\u017ei Bo\u0161ana u Biogradu na Moru, uz mogu\u0107nost dogovora o mjestu ukrcaja u blizini<\/li><li>Kapacitet: Do 12 gostiju<\/li><\/ul>\t\t\t\t\t\t\t\t<\/div>\n\t\t\t\t<\/div>\n\t\t<div class=\"elementor-element elementor-element-dbafcaf e-con-full e-flex e-con e-child\" data-id=\"dbafcaf\" data-element_type=\"container\" data-e-type=\"container\">\n\t\t\t\t<div class=\"elementor-element elementor-element-934336a elementor-widget elementor-widget-image\" data-id=\"934336a\" data-element_type=\"widget\" data-e-type=\"widget\" data-widget_type=\"image.default\">\n\t\t\t\t\t\t\t\t\t\t\t\t\t\t\t<img fetchpriority=\"high\" decoding=\"async\" width=\"900\" height=\"1600\" src=\"https:\/\/www.biograd-boat-tours.com\/wp-content\/uploads\/full-day-tour-01.jpg\" class=\"attachment-full size-full wp-image-1277\" alt=\"full day tour 01\" srcset=\"https:\/\/www.biograd-boat-tours.com\/wp-content\/uploads\/full-day-tour-01.jpg 900w, https:\/\/www.biograd-boat-tours.com\/wp-content\/uploads\/full-day-tour-01-169x300.jpg 169w, https:\/\/www.biograd-boat-tours.com\/wp-content\/uploads\/full-day-tour-01-576x1024.jpg 576w, https:\/\/www.biograd-boat-tours.com\/wp-content\/uploads\/full-day-tour-01-768x1365.jpg 768w, https:\/\/www.biograd-boat-tours.com\/wp-content\/uploads\/full-day-tour-01-864x1536.jpg 864w\" sizes=\"(max-width: 900px) 100vw, 900px\" \/>\t\t\t\t\t\t\t\t\t\t\t\t\t\t\t<\/div>\n\t\t\t\t<\/div>\n\t\t\t\t<\/div>\n\t\t<div class=\"elementor-element elementor-element-9e8ef59 e-con-full e-flex e-con e-child\" data-id=\"9e8ef59\" data-element_type=\"container\" data-e-type=\"container\">\n\t\t<div class=\"elementor-element elementor-element-e116f3d e-con-full e-flex e-con e-child\" data-id=\"e116f3d\" data-element_type=\"container\" data-e-type=\"container\">\n\t\t\t\t<div class=\"elementor-element elementor-element-e42ca63 elementor-widget elementor-widget-image\" data-id=\"e42ca63\" data-element_type=\"widget\" data-e-type=\"widget\" data-widget_type=\"image.default\">\n\t\t\t\t\t\t\t\t\t\t\t\t\t\t\t<img decoding=\"async\" width=\"1080\" height=\"1920\" src=\"https:\/\/www.biograd-boat-tours.com\/wp-content\/uploads\/full-day-tour-02.jpg\" class=\"attachment-full size-full wp-image-1278\" alt=\"full day tour 02\" srcset=\"https:\/\/www.biograd-boat-tours.com\/wp-content\/uploads\/full-day-tour-02.jpg 1080w, https:\/\/www.biograd-boat-tours.com\/wp-content\/uploads\/full-day-tour-02-169x300.jpg 169w, https:\/\/www.biograd-boat-tours.com\/wp-content\/uploads\/full-day-tour-02-576x1024.jpg 576w, https:\/\/www.biograd-boat-tours.com\/wp-content\/uploads\/full-day-tour-02-768x1365.jpg 768w, https:\/\/www.biograd-boat-tours.com\/wp-content\/uploads\/full-day-tour-02-864x1536.jpg 864w\" sizes=\"(max-width: 1080px) 100vw, 1080px\" \/>\t\t\t\t\t\t\t\t\t\t\t\t\t\t\t<\/div>\n\t\t\t\t<\/div>\n\t\t<div class=\"elementor-element elementor-element-0ea2475 e-con-full e-flex e-con e-child\" data-id=\"0ea2475\" data-element_type=\"container\" data-e-type=\"container\">\n\t\t\t\t<div class=\"elementor-element elementor-element-d91c936 elementor-widget elementor-widget-text-editor\" data-id=\"d91c936\" data-element_type=\"widget\" data-e-type=\"widget\" data-widget_type=\"text-editor.default\">\n\t\t\t\t\t\t\t\t\t<p><strong>Uklju\u010deno<\/strong><\/p><ul><li>Privatni brod s iskusnim kapetanom, uz uklju\u010deno gorivo i do 5,5 sati plovidbe<\/li><li>Ulaznice za Nacionalni park Kornati ili Park prirode Tela\u0161\u0107ica<\/li><li>Dalmatinski brunch uklju\u010duje svje\u017ee pripremljene lokalne delicije poput sira, maslina, pancete, mariniranih in\u0107una i bruskete od tune s pa\u0161tetom, uz sezonsku salatu<\/li><li>Ru\u010dak na brodu sastoji se od tjestenine s umakom od raj\u010dice i dagnjama, sezonske salate i kruha, uz crno i bijelo stolno vino<\/li><li>Tijekom plovidbe dostupni su voda, bezalkoholna pi\u0107a i vino<\/li><li>Meni se mo\u017ee prilagoditi prema dogovoru i \u017eeljama gostiju, uklju\u010duju\u0107i vegetarijanske opcije te obroke za djecu<\/li><li>Kori\u0161tenje opreme za ronjenje<\/li><\/ul><p><strong>Nije uklju\u010deno<\/strong><\/p><ul><li>Dodatne usluge na zahtjev (ovisno o raspolo\u017eivosti)<\/li><\/ul>\t\t\t\t\t\t\t\t<\/div>\n\t\t\t\t<\/div>\n\t\t\t\t<\/div>\n\t\t<div class=\"elementor-element elementor-element-0018614 e-con-full e-flex e-con e-child\" data-id=\"0018614\" data-element_type=\"container\" data-e-type=\"container\">\n\t\t<div class=\"elementor-element elementor-element-a6e9c0a e-con-full e-flex e-con e-child\" data-id=\"a6e9c0a\" data-element_type=\"container\" data-e-type=\"container\">\n\t\t\t\t<div class=\"elementor-element elementor-element-69b86c2 elementor-widget elementor-widget-text-editor\" data-id=\"69b86c2\" data-element_type=\"widget\" data-e-type=\"widget\" data-widget_type=\"text-editor.default\">\n\t\t\t\t\t\t\t\t\t<p><strong>Uspomene koje nosite sa sobom<\/strong><\/p><p>Svaki dan na moru je jedinstven \u2013 iako je ruta sli\u010dna, svaki izlet postaje poseban zahvaljuju\u0107i ljudima koji ga do\u017eivljavaju.<\/p><p>Rutu planiramo zajedno, prema va\u0161im \u017eeljama i uz na\u0161e lokalno poznavanje podru\u010dja.<\/p><p>O\u010dekuju vas najmanje tri zaustavljanja za kupanje u prekrasnim, manje posje\u0107enim uvalama, s dovoljno vremena za opu\u0161tanje, plivanje i u\u017eivanje u moru.<\/p><p>Vodimo brigu o svakom detalju kako biste se mogli potpuno opustiti i istinski u\u017eivati u ljepoti dalmatinskih otoka.<\/p><p>S vama dijelimo na\u0161u pri\u010du i ljubav prema moru.<\/p><p><strong>Napomene \/ Va\u017ene informacije<\/strong><\/p><p>Zadr\u017eavamo pravo promjene termina ili otkazivanja ture u slu\u010daju nepovoljnih vremenskih uvjeta. Sigurnost i udobnost su nam prioritet.<\/p>\t\t\t\t\t\t\t\t<\/div>\n\t\t\t\t<\/div>\n\t\t<div class=\"elementor-element elementor-element-06a9ac5 e-con-full e-flex e-con e-child\" data-id=\"06a9ac5\" data-element_type=\"container\" data-e-type=\"container\">\n\t\t\t\t<div class=\"elementor-element elementor-element-aafd786 elementor-widget elementor-widget-image\" data-id=\"aafd786\" data-element_type=\"widget\" data-e-type=\"widget\" data-widget_type=\"image.default\">\n\t\t\t\t\t\t\t\t\t\t\t\t\t\t\t<img decoding=\"async\" width=\"870\" height=\"1920\" src=\"https:\/\/www.biograd-boat-tours.com\/wp-content\/uploads\/full-day-tour-03.jpg\" class=\"attachment-full size-full wp-image-1279\" alt=\"full day tour 03\" srcset=\"https:\/\/www.biograd-boat-tours.com\/wp-content\/uploads\/full-day-tour-03.jpg 870w, https:\/\/www.biograd-boat-tours.com\/wp-content\/uploads\/full-day-tour-03-136x300.jpg 136w, https:\/\/www.biograd-boat-tours.com\/wp-content\/uploads\/full-day-tour-03-464x1024.jpg 464w, https:\/\/www.biograd-boat-tours.com\/wp-content\/uploads\/full-day-tour-03-768x1695.jpg 768w, https:\/\/www.biograd-boat-tours.com\/wp-content\/uploads\/full-day-tour-03-696x1536.jpg 696w\" sizes=\"(max-width: 870px) 100vw, 870px\" \/>\t\t\t\t\t\t\t\t\t\t\t\t\t\t\t<\/div>\n\t\t\t\t<\/div>\n\t\t\t\t<\/div>\n\t\t\t\t\t<\/div>\n\t\t\t\t<\/div>\n\t\t<div class=\"elementor-element elementor-element-adb960c e-flex e-con-boxed e-con e-parent\" data-id=\"adb960c\" data-element_type=\"container\" data-e-type=\"container\" data-settings=\"{&quot;background_background&quot;:&quot;classic&quot;}\">\n\t\t\t\t\t<div class=\"e-con-inner\">\n\t\t\t\t<div class=\"elementor-element elementor-element-73e4656 elementor-widget elementor-widget-testimonial\" data-id=\"73e4656\" data-element_type=\"widget\" data-e-type=\"widget\" data-widget_type=\"testimonial.default\">\n\t\t\t\t\t\t\t<div class=\"elementor-testimonial-wrapper\">\n\t\t\t\t\t\t\t<div class=\"elementor-testimonial-content\">Nevjerojatan dan na moru! Posada je bila nevjerojatno ljubazna, a hrana ukusna. Toplo preporu\u010dujem obilazak dupina za zabavnu avanturu!<\/div>\n\t\t\t\n\t\t\t\t\t\t<div class=\"elementor-testimonial-meta elementor-has-image elementor-testimonial-image-position-top\">\n\t\t\t\t<div class=\"elementor-testimonial-meta-inner\">\n\t\t\t\t\t\t\t\t\t\t\t<div class=\"elementor-testimonial-image\">\n\t\t\t\t\t\t\t<img loading=\"lazy\" decoding=\"async\" width=\"150\" height=\"150\" src=\"https:\/\/www.biograd-boat-tours.com\/wp-content\/uploads\/review-anna-novak.jpg\" class=\"attachment-full size-full wp-image-1147\" alt=\"review anna novak\" \/>\t\t\t\t\t\t<\/div>\n\t\t\t\t\t\n\t\t\t\t\t\t\t\t\t\t<div class=\"elementor-testimonial-details\">\n\t\t\t\t\t\t\t\t\t\t\t\t\t\t<div class=\"elementor-testimonial-name\">Anna Novak<\/div>\n\t\t\t\t\t\t\t\t\t\t\t\t\t\t\t\t\t\t\t<\/div>\n\t\t\t\t\t\t\t\t\t<\/div>\n\t\t\t<\/div>\n\t\t\t\t\t<\/div>\n\t\t\t\t\t\t<\/div>\n\t\t\t\t\t<\/div>\n\t\t\t\t<\/div>\n\t\t<div class=\"elementor-element elementor-element-e7a6a7a e-flex e-con-boxed e-con e-parent\" data-id=\"e7a6a7a\" data-element_type=\"container\" data-e-type=\"container\" data-settings=\"{&quot;background_background&quot;:&quot;classic&quot;}\">\n\t\t\t\t\t<div class=\"e-con-inner\">\n\t\t\t\t<div class=\"elementor-element elementor-element-dec54f0 elementor-widget elementor-widget-image-box\" data-id=\"dec54f0\" data-element_type=\"widget\" data-e-type=\"widget\" data-widget_type=\"image-box.default\">\n\t\t\t\t\t<div class=\"elementor-image-box-wrapper\"><div class=\"elementor-image-box-content\"><h2 class=\"elementor-image-box-title\">Za\u0161to odabrati nas za svoju nauti\u010dku avanturu?<\/h2><p class=\"elementor-image-box-description\">U Biograd Boat Toursu naglasak stavljamo na personaliziranu uslugu, izvrsno poznavanje arhipelaga i iskrenu strast prema tradicionalnim do\u017eivljajima na moru.<\/p><\/div><\/div>\t\t\t\t<\/div>\n\t\t<div class=\"elementor-element elementor-element-3c9b079 e-con-full e-flex e-con e-child\" data-id=\"3c9b079\" data-element_type=\"container\" data-e-type=\"container\">\n\t\t<div class=\"elementor-element elementor-element-7789b9e e-con-full e-flex e-con e-child\" data-id=\"7789b9e\" data-element_type=\"container\" data-e-type=\"container\">\n\t\t\t\t<div class=\"elementor-element elementor-element-254380d elementor-widget elementor-widget-image\" data-id=\"254380d\" data-element_type=\"widget\" data-e-type=\"widget\" data-widget_type=\"image.default\">\n\t\t\t\t\t\t\t\t\t\t\t\t\t\t\t<img loading=\"lazy\" decoding=\"async\" width=\"1024\" height=\"1024\" src=\"https:\/\/www.biograd-boat-tours.com\/wp-content\/uploads\/experienced-hosts\u200b.jpg\" class=\"attachment-full size-full wp-image-1241\" alt=\"experienced hosts\u200b\" srcset=\"https:\/\/www.biograd-boat-tours.com\/wp-content\/uploads\/experienced-hosts\u200b.jpg 1024w, https:\/\/www.biograd-boat-tours.com\/wp-content\/uploads\/experienced-hosts\u200b-300x300.jpg 300w, https:\/\/www.biograd-boat-tours.com\/wp-content\/uploads\/experienced-hosts\u200b-150x150.jpg 150w, https:\/\/www.biograd-boat-tours.com\/wp-content\/uploads\/experienced-hosts\u200b-768x768.jpg 768w\" sizes=\"(max-width: 1024px) 100vw, 1024px\" \/>\t\t\t\t\t\t\t\t\t\t\t\t\t\t\t<\/div>\n\t\t\t\t<div class=\"elementor-element elementor-element-11a0bbf elementor-widget elementor-widget-hfe-infocard\" data-id=\"11a0bbf\" data-element_type=\"widget\" data-e-type=\"widget\" data-widget_type=\"hfe-infocard.default\">\n\t\t\t\t<div class=\"elementor-widget-container\">\n\t\t\t\t\t\n\t\t<div class=\"hfe-infocard\">\n\t\t\t\t\t\t\t\t\t<div class=\"hfe-infocard-title-wrap\">\n\t\t\t\t<h3 class=\"hfe-infocard-title elementor-inline-editing\" data-elementor-setting-key=\"infocard_title\" data-elementor-inline-editing-toolbar=\"basic\" >Iskusni doma\u0107ini<\/h3>\t\t\t<\/div>\n\t\t\t\t\t\t<div class=\"hfe-infocard-text-wrap\">\n\t\t\t\t<div class=\"hfe-infocard-text elementor-inline-editing\" data-elementor-setting-key=\"infocard_description\" data-elementor-inline-editing-toolbar=\"advanced\">\n\t\t\t\t\tPredvo\u0111eni na\u0161im iskusnim kapetanom Bo\u0161kom, u sigurnim ste rukama. Njegovo opse\u017eno poznavanje podru\u010dja i strast prema moru osiguravaju nezaboravno iskustvo. \t\t\t\t<\/div>\n\t\t\t\t\t\t\t<\/div>\n\t\t<\/div>\n\n\t\t\t\t\t\t<\/div>\n\t\t\t\t<\/div>\n\t\t\t\t<\/div>\n\t\t<div class=\"elementor-element elementor-element-9c4358c e-con-full e-flex e-con e-child\" data-id=\"9c4358c\" data-element_type=\"container\" data-e-type=\"container\">\n\t\t\t\t<div class=\"elementor-element elementor-element-395caf4 elementor-widget elementor-widget-image\" data-id=\"395caf4\" data-element_type=\"widget\" data-e-type=\"widget\" data-widget_type=\"image.default\">\n\t\t\t\t\t\t\t\t\t\t\t\t\t\t\t<img loading=\"lazy\" decoding=\"async\" width=\"1361\" height=\"1024\" src=\"https:\/\/www.biograd-boat-tours.com\/wp-content\/uploads\/authentic-experiences\u200b.jpg\" class=\"attachment-full size-full wp-image-1242\" alt=\"authentic experiences\u200b\" srcset=\"https:\/\/www.biograd-boat-tours.com\/wp-content\/uploads\/authentic-experiences\u200b.jpg 1361w, https:\/\/www.biograd-boat-tours.com\/wp-content\/uploads\/authentic-experiences\u200b-300x226.jpg 300w, https:\/\/www.biograd-boat-tours.com\/wp-content\/uploads\/authentic-experiences\u200b-1024x770.jpg 1024w, https:\/\/www.biograd-boat-tours.com\/wp-content\/uploads\/authentic-experiences\u200b-768x578.jpg 768w\" sizes=\"(max-width: 1361px) 100vw, 1361px\" \/>\t\t\t\t\t\t\t\t\t\t\t\t\t\t\t<\/div>\n\t\t\t\t<div class=\"elementor-element elementor-element-2691832 elementor-widget elementor-widget-hfe-infocard\" data-id=\"2691832\" data-element_type=\"widget\" data-e-type=\"widget\" data-widget_type=\"hfe-infocard.default\">\n\t\t\t\t<div class=\"elementor-widget-container\">\n\t\t\t\t\t\n\t\t<div class=\"hfe-infocard\">\n\t\t\t\t\t\t\t\t\t<div class=\"hfe-infocard-title-wrap\">\n\t\t\t\t<h3 class=\"hfe-infocard-title elementor-inline-editing\" data-elementor-setting-key=\"infocard_title\" data-elementor-inline-editing-toolbar=\"basic\" >Autenti\u010dna iskustva<\/h3>\t\t\t<\/div>\n\t\t\t\t\t\t<div class=\"hfe-infocard-text-wrap\">\n\t\t\t\t<div class=\"hfe-infocard-text elementor-inline-editing\" data-elementor-setting-key=\"infocard_description\" data-elementor-inline-editing-toolbar=\"advanced\">\n\t\t\t\t\tZaplovite na tradicionalnom drvenom brodu, gdje svaka tura spaja povijest, pri\u010de i autenti\u010dne trenutke, pru\u017eaju\u0107i vam nezaboravan do\u017eivljaj mora.\t\t\t\t<\/div>\n\t\t\t\t\t\t\t<\/div>\n\t\t<\/div>\n\n\t\t\t\t\t\t<\/div>\n\t\t\t\t<\/div>\n\t\t\t\t<\/div>\n\t\t\t\t<\/div>\n\t\t\t\t\t<\/div>\n\t\t\t\t<\/div>\n\t\t<div class=\"elementor-element elementor-element-fe1f3ea e-flex e-con-boxed e-con e-parent\" data-id=\"fe1f3ea\" data-element_type=\"container\" data-e-type=\"container\" data-settings=\"{&quot;background_background&quot;:&quot;classic&quot;}\">\n\t\t\t\t\t<div class=\"e-con-inner\">\n\t\t\t\t<div class=\"elementor-element elementor-element-11b4925 elementor-widget elementor-widget-image-box\" data-id=\"11b4925\" data-element_type=\"widget\" data-e-type=\"widget\" data-widget_type=\"image-box.default\">\n\t\t\t\t\t<div class=\"elementor-image-box-wrapper\"><div class=\"elementor-image-box-content\"><h2 class=\"elementor-image-box-title\">Ostavite nam recenziju<\/h2><p class=\"elementor-image-box-description\">Ako ste u\u017eivali u vremenu provedenom s nama na moru, bilo bi nam iskreno drago \u010duti va\u0161e dojmove. Podijelite svoje iskustvo i pomozite drugima da otkriju na\u0161 drveni brod i do\u017eive more na svoj na\u010din.<\/p><\/div><\/div>\t\t\t\t<\/div>\n\t\t\t\t<div class=\"elementor-element elementor-element-50e1657 elementor-align-center elementor-widget elementor-widget-button\" data-id=\"50e1657\" data-element_type=\"widget\" data-e-type=\"widget\" data-widget_type=\"button.default\">\n\t\t\t\t\t\t\t\t\t\t<a class=\"elementor-button elementor-button-link elementor-size-sm\" href=\"https:\/\/g.page\/r\/CR2Kvs76LQe7EBM\/review\" target=\"_blank\">\n\t\t\t\t\t\t<span class=\"elementor-button-content-wrapper\">\n\t\t\t\t\t\t\t\t\t<span class=\"elementor-button-text\">Napi\u0161ite recenziju na Googleu<\/span>\n\t\t\t\t\t<\/span>\n\t\t\t\t\t<\/a>\n\t\t\t\t\t\t\t\t<\/div>\n\t\t\t\t\t<\/div>\n\t\t\t\t<\/div>\n\t\t\t\t<\/div>\n\t\t","protected":false},"excerpt":{"rendered":"<p>Na\u0161i izleti \u2600\ufe0f Cjelodnevni privatni izlet brodom: Kornati i Tela\u0161\u0107ica Otkrijte dalmatinske otoke na privatnom izletu, uz opu\u0161teno i profesionalno [&hellip;]<\/p>\n","protected":false},"author":1,"featured_media":0,"parent":1261,"menu_order":0,"comment_status":"closed","ping_status":"closed","template":"","meta":{"site-sidebar-layout":"no-sidebar","site-content-layout":"","ast-site-content-layout":"full-width-container","site-content-style":"default","site-sidebar-style":"default","ast-global-header-display":"","ast-banner-title-visibility":"","ast-main-header-display":"","ast-hfb-above-header-display":"","ast-hfb-below-header-display":"","ast-hfb-mobile-header-display":"","site-post-title":"disabled","ast-breadcrumbs-content":"","ast-featured-img":"disabled","footer-sml-layout":"","ast-disable-related-posts":"","theme-transparent-header-meta":"","adv-header-id-meta":"","stick-header-meta":"","header-above-stick-meta":"","header-main-stick-meta":"","header-below-stick-meta":"","astra-migrate-meta-layouts":"default","ast-page-background-enabled":"default","ast-page-background-meta":{"desktop":{"background-color":"var(--ast-global-color-5)","background-image":"","background-repeat":"repeat","background-position":"center center","background-size":"auto","background-attachment":"scroll","background-type":"","background-media":"","overlay-type":"","overlay-color":"","overlay-opacity":"","overlay-gradient":""},"tablet":{"background-color":"","background-image":"","background-repeat":"repeat","background-position":"center center","background-size":"auto","background-attachment":"scroll","background-type":"","background-media":"","overlay-type":"","overlay-color":"","overlay-opacity":"","overlay-gradient":""},"mobile":{"background-color":"","background-image":"","background-repeat":"repeat","background-position":"center center","background-size":"auto","background-attachment":"scroll","background-type":"","background-media":"","overlay-type":"","overlay-color":"","overlay-opacity":"","overlay-gradient":""}},"ast-content-background-meta":{"desktop":{"background-color":"var(--ast-global-color-4)","background-image":"","background-repeat":"repeat","background-position":"center center","background-size":"auto","background-attachment":"scroll","background-type":"","background-media":"","overlay-type":"","overlay-color":"","overlay-opacity":"","overlay-gradient":""},"tablet":{"background-color":"var(--ast-global-color-4)","background-image":"","background-repeat":"repeat","background-position":"center center","background-size":"auto","background-attachment":"scroll","background-type":"","background-media":"","overlay-type":"","overlay-color":"","overlay-opacity":"","overlay-gradient":""},"mobile":{"background-color":"var(--ast-global-color-4)","background-image":"","background-repeat":"repeat","background-position":"center center","background-size":"auto","background-attachment":"scroll","background-type":"","background-media":"","overlay-type":"","overlay-color":"","overlay-opacity":"","overlay-gradient":""}},"footnotes":""},"class_list":["post-1276","page","type-page","status-publish","hentry"],"_links":{"self":[{"href":"https:\/\/www.biograd-boat-tours.com\/hr\/wp-json\/wp\/v2\/pages\/1276","targetHints":{"allow":["GET"]}}],"collection":[{"href":"https:\/\/www.biograd-boat-tours.com\/hr\/wp-json\/wp\/v2\/pages"}],"about":[{"href":"https:\/\/www.biograd-boat-tours.com\/hr\/wp-json\/wp\/v2\/types\/page"}],"author":[{"embeddable":true,"href":"https:\/\/www.biograd-boat-tours.com\/hr\/wp-json\/wp\/v2\/users\/1"}],"replies":[{"embeddable":true,"href":"https:\/\/www.biograd-boat-tours.com\/hr\/wp-json\/wp\/v2\/comments?post=1276"}],"version-history":[{"count":0,"href":"https:\/\/www.biograd-boat-tours.com\/hr\/wp-json\/wp\/v2\/pages\/1276\/revisions"}],"up":[{"embeddable":true,"href":"https:\/\/www.biograd-boat-tours.com\/hr\/wp-json\/wp\/v2\/pages\/1261"}],"wp:attachment":[{"href":"https:\/\/www.biograd-boat-tours.com\/hr\/wp-json\/wp\/v2\/media?parent=1276"}],"curies":[{"name":"wp","href":"https:\/\/api.w.org\/{rel}","templated":true}]}}