{"id":1253,"date":"2026-03-27T17:29:10","date_gmt":"2026-03-27T16:29:10","guid":{"rendered":"https:\/\/www.biograd-boat-tours.com\/about-us\/"},"modified":"2026-04-14T21:45:31","modified_gmt":"2026-04-14T19:45:31","slug":"about-us","status":"publish","type":"page","link":"https:\/\/www.biograd-boat-tours.com\/hr\/about-us\/","title":{"rendered":"O nama"},"content":{"rendered":"\t\t<div data-elementor-type=\"wp-page\" data-elementor-id=\"1253\" class=\"elementor elementor-1253 elementor-276\">\n\t\t\t\t<div class=\"elementor-element elementor-element-8c1ca90 e-flex e-con-boxed e-con e-parent\" data-id=\"8c1ca90\" data-element_type=\"container\" data-e-type=\"container\" data-settings=\"{&quot;background_background&quot;:&quot;classic&quot;}\">\n\t\t\t\t\t<div class=\"e-con-inner\">\n\t\t\t\t<div class=\"elementor-element elementor-element-0353a11 elementor-widget elementor-widget-heading\" data-id=\"0353a11\" data-element_type=\"widget\" data-e-type=\"widget\" data-widget_type=\"heading.default\">\n\t\t\t\t\t<h1 class=\"elementor-heading-title elementor-size-default\">O nama<\/h1>\t\t\t\t<\/div>\n\t\t\t\t\t<\/div>\n\t\t\t\t<\/div>\n\t\t<div class=\"elementor-element elementor-element-91d5e9c e-flex e-con-boxed e-con e-parent\" data-id=\"91d5e9c\" data-element_type=\"container\" data-e-type=\"container\" data-settings=\"{&quot;background_background&quot;:&quot;classic&quot;}\">\n\t\t\t\t\t<div class=\"e-con-inner\">\n\t\t<div class=\"elementor-element elementor-element-f756063 e-con-full e-flex e-con e-child\" data-id=\"f756063\" data-element_type=\"container\" data-e-type=\"container\">\n\t\t<div class=\"elementor-element elementor-element-7398bfa e-con-full e-flex e-con e-child\" data-id=\"7398bfa\" data-element_type=\"container\" data-e-type=\"container\">\n\t\t\t\t<div class=\"elementor-element elementor-element-1a3ab38 elementor-widget elementor-widget-image\" data-id=\"1a3ab38\" data-element_type=\"widget\" data-e-type=\"widget\" data-widget_type=\"image.default\">\n\t\t\t\t\t\t\t\t\t\t\t\t\t\t\t<img fetchpriority=\"high\" decoding=\"async\" width=\"590\" height=\"788\" src=\"https:\/\/www.biograd-boat-tours.com\/wp-content\/uploads\/about-us-01.jpg\" class=\"attachment-full size-full wp-image-1254\" alt=\"about us 01\" srcset=\"https:\/\/www.biograd-boat-tours.com\/wp-content\/uploads\/about-us-01.jpg 590w, https:\/\/www.biograd-boat-tours.com\/wp-content\/uploads\/about-us-01-225x300.jpg 225w\" sizes=\"(max-width: 590px) 100vw, 590px\" title=\"O nama\">\t\t\t\t\t\t\t\t\t\t\t\t\t\t\t<\/div>\n\t\t\t\t<\/div>\n\t\t<div class=\"elementor-element elementor-element-96c08e0 e-con-full e-flex e-con e-child\" data-id=\"96c08e0\" data-element_type=\"container\" data-e-type=\"container\">\n\t\t<div class=\"elementor-element elementor-element-df9b9a0 e-con-full e-flex e-con e-child\" data-id=\"df9b9a0\" data-element_type=\"container\" data-e-type=\"container\">\n\t\t\t\t<div class=\"elementor-element elementor-element-0587692 elementor-widget elementor-widget-text-editor\" data-id=\"0587692\" data-element_type=\"widget\" data-e-type=\"widget\" data-widget_type=\"text-editor.default\">\n\t\t\t\t\t\t\t\t\t<p>Na\u0161a pri\u010da duboko je ukorijenjena u obiteljskoj tradiciji drvene brodogradnje i \u017eivota na moru, koja se prenosila generacijama. U svakoj generaciji bio je netko tko je bio posve\u0107en ovom zanatu &#8211; ne samo kao profesiji, ve\u0107 kao na\u010dinu \u017eivota.<\/p><p>Za nas je to na\u0161 kapetan, koji je odrastao okru\u017een brodovima i morem. Zanat je pratio od svog djeda, nau\u010dio od svog oca, a sada tradiciju nastavlja samostalno. Njegov otac, Dido Ive, pravi je majstor koji nikada ne pravi kompromise kada su u pitanju tradicionalne metode brodogradnje. Cijela obitelj je \u010dak sudjelovala u izgradnji njihovog prvog drvenog broda, Rajne. Uz svoje pomorske korijene, na\u0161 kapetan donosi dugogodi\u0161nje iskustvo u turizmu i poznaje cijeli lokalni arhipelag kao svoj d\u017eep.<\/p><p>Oduvijek smo sanjali o vlastitom tradicionalnom drvenom brodu za na\u0161u obitelj. Prije nekoliko godina prona\u0161li smo upravo ono \u0161to smo tra\u017eili &#8211; drveni leut, star preko 70 godina, s bogatom i zna\u010dajnom pri\u010dom.<\/p>\t\t\t\t\t\t\t\t<\/div>\n\t\t\t\t<\/div>\n\t\t\t\t<\/div>\n\t\t\t\t<\/div>\n\t\t<div class=\"elementor-element elementor-element-3ce0a2a e-con-full e-flex e-con e-child\" data-id=\"3ce0a2a\" data-element_type=\"container\" data-e-type=\"container\">\n\t\t<div class=\"elementor-element elementor-element-13b0c8c e-con-full e-flex e-con e-child\" data-id=\"13b0c8c\" data-element_type=\"container\" data-e-type=\"container\">\n\t\t\t\t<div class=\"elementor-element elementor-element-f194c44 elementor-widget elementor-widget-text-editor\" data-id=\"f194c44\" data-element_type=\"widget\" data-e-type=\"widget\" data-widget_type=\"text-editor.default\">\n\t\t\t\t\t\t\t\t\t<p>Izvorno je brod izgra\u0111en kao radni brod za prijevoz pijeska. Pijesak se vadio iz mora i dostavljao na kopno, gdje se koristio za gradnju. Kasnije ga je kupio privatni vlasnik koji ga je nadogradio kabinom i dodatnom konstrukcijom, transformiraju\u0107i ga iz radnog broda u plovilo za osobnu upotrebu &#8211; iz teretnog broda u malu privatnu jahtu.<\/p><p>Zahvaljuju\u0107i svojoj originalnoj konstrukciji, dizajniranoj posebno za Jadran, brod je sa\u010duvao svoju iznimnu stabilnost i sigurnost, u kombinaciji s udobno\u0161\u0107u i ljepotom koju danas nosi.<\/p><p>Kada je postao dio na\u0161e obitelji, pristupili smo mu s velikom pa\u017enjom. Svaki detalj je bio pa\u017eljivo odabran i odr\u017eavan, jer kada dolazite iz obitelji brodograditelja, o\u010dekivanja su visoka. Danas smo ponosni \u0161to mo\u017eemo re\u0107i da je ovaj leut postao dio na\u0161e pri\u010de.<\/p>\t\t\t\t\t\t\t\t<\/div>\n\t\t\t\t<\/div>\n\t\t<div class=\"elementor-element elementor-element-e1980de e-con-full e-flex e-con e-child\" data-id=\"e1980de\" data-element_type=\"container\" data-e-type=\"container\">\n\t\t\t\t<div class=\"elementor-element elementor-element-d17f6f2 elementor-widget elementor-widget-image\" data-id=\"d17f6f2\" data-element_type=\"widget\" data-e-type=\"widget\" data-widget_type=\"image.default\">\n\t\t\t\t\t\t\t\t\t\t\t\t\t\t\t<img decoding=\"async\" width=\"1024\" height=\"1250\" src=\"https:\/\/www.biograd-boat-tours.com\/wp-content\/uploads\/about-us-02.jpg\" class=\"attachment-full size-full wp-image-1255\" alt=\"about us 02\" srcset=\"https:\/\/www.biograd-boat-tours.com\/wp-content\/uploads\/about-us-02.jpg 1024w, https:\/\/www.biograd-boat-tours.com\/wp-content\/uploads\/about-us-02-246x300.jpg 246w, https:\/\/www.biograd-boat-tours.com\/wp-content\/uploads\/about-us-02-839x1024.jpg 839w, https:\/\/www.biograd-boat-tours.com\/wp-content\/uploads\/about-us-02-768x938.jpg 768w\" sizes=\"(max-width: 1024px) 100vw, 1024px\" title=\"O nama\">\t\t\t\t\t\t\t\t\t\t\t\t\t\t\t<\/div>\n\t\t\t\t<\/div>\n\t\t\t\t<\/div>\n\t\t<div class=\"elementor-element elementor-element-1e8191a e-con-full e-flex e-con e-child\" data-id=\"1e8191a\" data-element_type=\"container\" data-e-type=\"container\">\n\t\t<div class=\"elementor-element elementor-element-c387052 e-con-full e-flex e-con e-child\" data-id=\"c387052\" data-element_type=\"container\" data-e-type=\"container\">\n\t\t\t\t<div class=\"elementor-element elementor-element-3ba8405 elementor-widget elementor-widget-image\" data-id=\"3ba8405\" data-element_type=\"widget\" data-e-type=\"widget\" data-widget_type=\"image.default\">\n\t\t\t\t\t\t\t\t\t\t\t\t\t\t\t<img decoding=\"async\" width=\"924\" height=\"1024\" src=\"https:\/\/www.biograd-boat-tours.com\/wp-content\/uploads\/about-us-03.jpg\" class=\"attachment-full size-full wp-image-1256\" alt=\"about us 03\" srcset=\"https:\/\/www.biograd-boat-tours.com\/wp-content\/uploads\/about-us-03.jpg 924w, https:\/\/www.biograd-boat-tours.com\/wp-content\/uploads\/about-us-03-271x300.jpg 271w, https:\/\/www.biograd-boat-tours.com\/wp-content\/uploads\/about-us-03-768x851.jpg 768w\" sizes=\"(max-width: 924px) 100vw, 924px\" title=\"O nama\">\t\t\t\t\t\t\t\t\t\t\t\t\t\t\t<\/div>\n\t\t\t\t<\/div>\n\t\t<div class=\"elementor-element elementor-element-e745a8d e-con-full e-flex e-con e-child\" data-id=\"e745a8d\" data-element_type=\"container\" data-e-type=\"container\">\n\t\t<div class=\"elementor-element elementor-element-6f055e4 e-con-full e-flex e-con e-child\" data-id=\"6f055e4\" data-element_type=\"container\" data-e-type=\"container\">\n\t\t\t\t<div class=\"elementor-element elementor-element-b4ca608 elementor-widget elementor-widget-text-editor\" data-id=\"b4ca608\" data-element_type=\"widget\" data-e-type=\"widget\" data-widget_type=\"text-editor.default\">\n\t\t\t\t\t\t\t\t\t<p>Kako ova pri\u010da ne bi ostala samo na\u0161a, odlu\u010dili smo dio godine posvetiti radu u turizmu, omogu\u0107uju\u0107i drugima da iskuse ono \u0161to mi \u017eivimo svaki dan &#8211; more, brod i na\u010din \u017eivota koji dolazi s tim.<\/p><p>Vjerujemo da su drveni brodovi \u017eiva bi\u0107a i tako se prema njima odnosimo. Zahtijevaju posebnu brigu i pa\u017enju, a zauzvrat nas podsje\u0107aju na sporiji, prisutniji na\u010din \u017eivota. Za nas su podsjetnik da usporimo, cijenimo strpljenje i nesavr\u0161ene detalje koji \u017eivot \u010dine savr\u0161enim upravo takvim kakav jest.<\/p><p>Ono \u0161to nas posebno raduje jest to \u0161to su na\u0161a djeca, iako jo\u0161 mala, ve\u0107 dio ove pri\u010de \u2013 svatko na svoj na\u010din. Vjerujemo da \u0107e im ovaj brod donijeti mnoga zna\u010dajna iskustva i uspomene kroz \u017eivot.<\/p><p>Na\u0161 brod prvenstveno je namijenjen privatnim grupama i privatnim \u010darterima, jer nam to omogu\u0107uje da istinski podijelimo svoju viziju. Naj\u010de\u0161\u0107e su to obitelji, grupe prijatelja, kolege na team building putovanjima ili parovi &#8211; ljudi koji \u017eele do\u017eivjeti more na svoj na\u010din.<\/p>\t\t\t\t\t\t\t\t<\/div>\n\t\t\t\t<\/div>\n\t\t\t\t<\/div>\n\t\t\t\t<\/div>\n\t\t\t\t\t<\/div>\n\t\t\t\t<\/div>\n\t\t<div class=\"elementor-element elementor-element-e289fec e-flex e-con-boxed e-con e-parent\" data-id=\"e289fec\" data-element_type=\"container\" data-e-type=\"container\" data-settings=\"{&quot;background_background&quot;:&quot;classic&quot;}\">\n\t\t\t\t\t<div class=\"e-con-inner\">\n\t\t\t\t<div class=\"elementor-element elementor-element-b8a78a3 elementor-widget elementor-widget-image-box\" data-id=\"b8a78a3\" data-element_type=\"widget\" data-e-type=\"widget\" data-widget_type=\"image-box.default\">\n\t\t\t\t\t<div class=\"elementor-image-box-wrapper\"><div class=\"elementor-image-box-content\"><h2 class=\"elementor-image-box-title\">Na\u0161e temeljne vrijednosti<\/h2><p class=\"elementor-image-box-description\">U Biograd Boat Toursu vjerujemo u pru\u017eanje iznimnih iskustava temeljenih na na\u0161im temeljnim na\u010delima.<\/p><\/div><\/div>\t\t\t\t<\/div>\n\t\t<div class=\"elementor-element elementor-element-2d283a9 e-con-full e-flex e-con e-child\" data-id=\"2d283a9\" data-element_type=\"container\" data-e-type=\"container\">\n\t\t\t\t<div class=\"elementor-element elementor-element-92b0142 elementor-widget elementor-widget-hfe-infocard\" data-id=\"92b0142\" data-element_type=\"widget\" data-e-type=\"widget\" data-widget_type=\"hfe-infocard.default\">\n\t\t\t\t<div class=\"elementor-widget-container\">\n\t\t\t\t\t\n\t\t<div class=\"hfe-infocard\">\n\t\t\t\t\t\t<div class=\"hfe-icon-wrap\">\n\t\t\t\t<span class=\"hfe-icon\">\n\t\t\t\t\t<svg aria-hidden=\"true\" class=\"e-font-icon-svg e-fas-tools\" viewBox=\"0 0 512 512\" xmlns=\"http:\/\/www.w3.org\/2000\/svg\"><path d=\"M501.1 395.7L384 278.6c-23.1-23.1-57.6-27.6-85.4-13.9L192 158.1V96L64 0 0 64l96 128h62.1l106.6 106.6c-13.6 27.8-9.2 62.3 13.9 85.4l117.1 117.1c14.6 14.6 38.2 14.6 52.7 0l52.7-52.7c14.5-14.6 14.5-38.2 0-52.7zM331.7 225c28.3 0 54.9 11 74.9 31l19.4 19.4c15.8-6.9 30.8-16.5 43.8-29.5 37.1-37.1 49.7-89.3 37.9-136.7-2.2-9-13.5-12.1-20.1-5.5l-74.4 74.4-67.9-11.3L334 98.9l74.4-74.4c6.6-6.6 3.4-17.9-5.7-20.2-47.4-11.7-99.6.9-136.6 37.9-28.5 28.5-41.9 66.1-41.2 103.6l82.1 82.1c8.1-1.9 16.5-2.9 24.7-2.9zm-103.9 82l-56.7-56.7L18.7 402.8c-25 25-25 65.5 0 90.5s65.5 25 90.5 0l123.6-123.6c-7.6-19.9-9.9-41.6-5-62.7zM64 472c-13.2 0-24-10.8-24-24 0-13.3 10.7-24 24-24s24 10.7 24 24c0 13.2-10.7 24-24 24z\"><\/path><\/svg>\t\t\t\t<\/span>\n\t\t\t<\/div>\n\t\t\t\t\t\t\t\t\t<div class=\"hfe-infocard-title-wrap\">\n\t\t\t\t<h3 class=\"hfe-infocard-title elementor-inline-editing\" data-elementor-setting-key=\"infocard_title\" data-elementor-inline-editing-toolbar=\"basic\" >Tradicija<\/h3>\t\t\t<\/div>\n\t\t\t\t\t\t<div class=\"hfe-infocard-text-wrap\">\n\t\t\t\t<div class=\"hfe-infocard-text elementor-inline-editing\" data-elementor-setting-key=\"infocard_description\" data-elementor-inline-editing-toolbar=\"advanced\">\n\t\t\t\t\tUkorijenjeni u na\u0161oj obiteljskoj ba\u0161tini, nastavljamo se brinuti o drvenim brodovima onako kako je oduvijek bilo zami\u0161ljeno da se brine - sa strpljenjem, znanjem i po\u0161tovanjem prema zanatu.\t\t\t\t<\/div>\n\t\t\t\t\t\t\t<\/div>\n\t\t<\/div>\n\n\t\t\t\t\t\t<\/div>\n\t\t\t\t<\/div>\n\t\t\t\t<div class=\"elementor-element elementor-element-65bad04 elementor-widget elementor-widget-hfe-infocard\" data-id=\"65bad04\" data-element_type=\"widget\" data-e-type=\"widget\" data-widget_type=\"hfe-infocard.default\">\n\t\t\t\t<div class=\"elementor-widget-container\">\n\t\t\t\t\t\n\t\t<div class=\"hfe-infocard\">\n\t\t\t\t\t\t<div class=\"hfe-icon-wrap\">\n\t\t\t\t<span class=\"hfe-icon\">\n\t\t\t\t\t<svg aria-hidden=\"true\" class=\"e-font-icon-svg e-fas-users\" viewBox=\"0 0 640 512\" xmlns=\"http:\/\/www.w3.org\/2000\/svg\"><path d=\"M96 224c35.3 0 64-28.7 64-64s-28.7-64-64-64-64 28.7-64 64 28.7 64 64 64zm448 0c35.3 0 64-28.7 64-64s-28.7-64-64-64-64 28.7-64 64 28.7 64 64 64zm32 32h-64c-17.6 0-33.5 7.1-45.1 18.6 40.3 22.1 68.9 62 75.1 109.4h66c17.7 0 32-14.3 32-32v-32c0-35.3-28.7-64-64-64zm-256 0c61.9 0 112-50.1 112-112S381.9 32 320 32 208 82.1 208 144s50.1 112 112 112zm76.8 32h-8.3c-20.8 10-43.9 16-68.5 16s-47.6-6-68.5-16h-8.3C179.6 288 128 339.6 128 403.2V432c0 26.5 21.5 48 48 48h288c26.5 0 48-21.5 48-48v-28.8c0-63.6-51.6-115.2-115.2-115.2zm-223.7-13.4C161.5 263.1 145.6 256 128 256H64c-35.3 0-64 28.7-64 64v32c0 17.7 14.3 32 32 32h65.9c6.3-47.4 34.9-87.3 75.2-109.4z\"><\/path><\/svg>\t\t\t\t<\/span>\n\t\t\t<\/div>\n\t\t\t\t\t\t\t\t\t<div class=\"hfe-infocard-title-wrap\">\n\t\t\t\t<h3 class=\"hfe-infocard-title elementor-inline-editing\" data-elementor-setting-key=\"infocard_title\" data-elementor-inline-editing-toolbar=\"basic\" >Zajednica<\/h3>\t\t\t<\/div>\n\t\t\t\t\t\t<div class=\"hfe-infocard-text-wrap\">\n\t\t\t\t<div class=\"hfe-infocard-text elementor-inline-editing\" data-elementor-setting-key=\"infocard_description\" data-elementor-inline-editing-toolbar=\"advanced\">\n\t\t\t\t\tVjerujemo da su najljep\u0161i trenuci na moru oni koje dijelimo i kroz svako iskustvo koje stvorimo, nastojimo prenijeti ono \u0161to najvi\u0161e cijenimo - na\u0161e znanje, na\u0161 na\u010din \u017eivota i na\u0161u ljubav prema moru.\t\t\t\t<\/div>\n\t\t\t\t\t\t\t<\/div>\n\t\t<\/div>\n\n\t\t\t\t\t\t<\/div>\n\t\t\t\t<\/div>\n\t\t\t\t<div class=\"elementor-element elementor-element-6c6fe66 elementor-widget elementor-widget-hfe-infocard\" data-id=\"6c6fe66\" data-element_type=\"widget\" data-e-type=\"widget\" data-widget_type=\"hfe-infocard.default\">\n\t\t\t\t<div class=\"elementor-widget-container\">\n\t\t\t\t\t\n\t\t<div class=\"hfe-infocard\">\n\t\t\t\t\t\t<div class=\"hfe-icon-wrap\">\n\t\t\t\t<span class=\"hfe-icon\">\n\t\t\t\t\t<svg aria-hidden=\"true\" class=\"e-font-icon-svg e-fas-leaf\" viewBox=\"0 0 576 512\" xmlns=\"http:\/\/www.w3.org\/2000\/svg\"><path d=\"M546.2 9.7c-5.6-12.5-21.6-13-28.3-1.2C486.9 62.4 431.4 96 368 96h-80C182 96 96 182 96 288c0 7 .8 13.7 1.5 20.5C161.3 262.8 253.4 224 384 224c8.8 0 16 7.2 16 16s-7.2 16-16 16C132.6 256 26 410.1 2.4 468c-6.6 16.3 1.2 34.9 17.5 41.6 16.4 6.8 35-1.1 41.8-17.3 1.5-3.6 20.9-47.9 71.9-90.6 32.4 43.9 94 85.8 174.9 77.2C465.5 467.5 576 326.7 576 154.3c0-50.2-10.8-102.2-29.8-144.6z\"><\/path><\/svg>\t\t\t\t<\/span>\n\t\t\t<\/div>\n\t\t\t\t\t\t\t\t\t<div class=\"hfe-infocard-title-wrap\">\n\t\t\t\t<h3 class=\"hfe-infocard-title elementor-inline-editing\" data-elementor-setting-key=\"infocard_title\" data-elementor-inline-editing-toolbar=\"basic\" >Odr\u017eivost<\/h3>\t\t\t<\/div>\n\t\t\t\t\t\t<div class=\"hfe-infocard-text-wrap\">\n\t\t\t\t<div class=\"hfe-infocard-text elementor-inline-editing\" data-elementor-setting-key=\"infocard_description\" data-elementor-inline-editing-toolbar=\"advanced\">\n\t\t\t\t\tBrigom za na\u0161 brod i more oko nas, nastojimo o\u010duvati prirodne ljepote na\u0161ih otoka i odr\u017eati ovaj na\u010din \u017eivota za budu\u0107e generacije.\t\t\t\t<\/div>\n\t\t\t\t\t\t\t<\/div>\n\t\t<\/div>\n\n\t\t\t\t\t\t<\/div>\n\t\t\t\t<\/div>\n\t\t\t\t<\/div>\n\t\t\t\t\t<\/div>\n\t\t\t\t<\/div>\n\t\t<div class=\"elementor-element elementor-element-17583f8 e-flex e-con-boxed e-con e-parent\" data-id=\"17583f8\" data-element_type=\"container\" data-e-type=\"container\" data-settings=\"{&quot;background_background&quot;:&quot;classic&quot;}\">\n\t\t\t\t\t<div class=\"e-con-inner\">\n\t\t\t\t<div class=\"elementor-element elementor-element-0da3d76 elementor-widget elementor-widget-image-box\" data-id=\"0da3d76\" data-element_type=\"widget\" data-e-type=\"widget\" data-widget_type=\"image-box.default\">\n\t\t\t\t\t<div class=\"elementor-image-box-wrapper\"><div class=\"elementor-image-box-content\"><h2 class=\"elementor-image-box-title\">Zapo\u010dnite svoju avanturu ve\u0107 danas<\/h2><p class=\"elementor-image-box-description\">Do\u017eivite Dalmaciju svojim tempom, okru\u017eeni morem, pri\u010dama i bogatom povije\u0161\u0107u ovih krajeva.<\/p><\/div><\/div>\t\t\t\t<\/div>\n\t\t\t\t<div class=\"elementor-element elementor-element-fa1adbc elementor-align-center elementor-widget elementor-widget-button\" data-id=\"fa1adbc\" data-element_type=\"widget\" data-e-type=\"widget\" data-widget_type=\"button.default\">\n\t\t\t\t\t\t\t\t\t\t<a class=\"elementor-button elementor-button-link elementor-size-sm\" href=\"https:\/\/www.biograd-boat-tours.com\/hr\/contact\/\">\n\t\t\t\t\t\t<span class=\"elementor-button-content-wrapper\">\n\t\t\t\t\t\t\t\t\t<span class=\"elementor-button-text\">Rezervirajte izlet<\/span>\n\t\t\t\t\t<\/span>\n\t\t\t\t\t<\/a>\n\t\t\t\t\t\t\t\t<\/div>\n\t\t\t\t\t<\/div>\n\t\t\t\t<\/div>\n\t\t\t\t<\/div>\n\t\t","protected":false},"excerpt":{"rendered":"<p>O nama Na\u0161a pri\u010da duboko je ukorijenjena u obiteljskoj tradiciji drvene brodogradnje i \u017eivota na moru, koja se prenosila generacijama. [&hellip;]<\/p>\n","protected":false},"author":1,"featured_media":0,"parent":0,"menu_order":0,"comment_status":"closed","ping_status":"closed","template":"","meta":{"site-sidebar-layout":"no-sidebar","site-content-layout":"","ast-site-content-layout":"full-width-container","site-content-style":"default","site-sidebar-style":"default","ast-global-header-display":"","ast-banner-title-visibility":"","ast-main-header-display":"","ast-hfb-above-header-display":"","ast-hfb-below-header-display":"","ast-hfb-mobile-header-display":"","site-post-title":"disabled","ast-breadcrumbs-content":"","ast-featured-img":"disabled","footer-sml-layout":"","ast-disable-related-posts":"","theme-transparent-header-meta":"","adv-header-id-meta":"","stick-header-meta":"","header-above-stick-meta":"","header-main-stick-meta":"","header-below-stick-meta":"","astra-migrate-meta-layouts":"default","ast-page-background-enabled":"default","ast-page-background-meta":{"desktop":{"background-color":"var(--ast-global-color-5)","background-image":"","background-repeat":"repeat","background-position":"center center","background-size":"auto","background-attachment":"scroll","background-type":"","background-media":"","overlay-type":"","overlay-color":"","overlay-opacity":"","overlay-gradient":""},"tablet":{"background-color":"","background-image":"","background-repeat":"repeat","background-position":"center center","background-size":"auto","background-attachment":"scroll","background-type":"","background-media":"","overlay-type":"","overlay-color":"","overlay-opacity":"","overlay-gradient":""},"mobile":{"background-color":"","background-image":"","background-repeat":"repeat","background-position":"center center","background-size":"auto","background-attachment":"scroll","background-type":"","background-media":"","overlay-type":"","overlay-color":"","overlay-opacity":"","overlay-gradient":""}},"ast-content-background-meta":{"desktop":{"background-color":"var(--ast-global-color-4)","background-image":"","background-repeat":"repeat","background-position":"center center","background-size":"auto","background-attachment":"scroll","background-type":"","background-media":"","overlay-type":"","overlay-color":"","overlay-opacity":"","overlay-gradient":""},"tablet":{"background-color":"var(--ast-global-color-4)","background-image":"","background-repeat":"repeat","background-position":"center center","background-size":"auto","background-attachment":"scroll","background-type":"","background-media":"","overlay-type":"","overlay-color":"","overlay-opacity":"","overlay-gradient":""},"mobile":{"background-color":"var(--ast-global-color-4)","background-image":"","background-repeat":"repeat","background-position":"center center","background-size":"auto","background-attachment":"scroll","background-type":"","background-media":"","overlay-type":"","overlay-color":"","overlay-opacity":"","overlay-gradient":""}},"footnotes":""},"class_list":["post-1253","page","type-page","status-publish","hentry"],"_links":{"self":[{"href":"https:\/\/www.biograd-boat-tours.com\/hr\/wp-json\/wp\/v2\/pages\/1253","targetHints":{"allow":["GET"]}}],"collection":[{"href":"https:\/\/www.biograd-boat-tours.com\/hr\/wp-json\/wp\/v2\/pages"}],"about":[{"href":"https:\/\/www.biograd-boat-tours.com\/hr\/wp-json\/wp\/v2\/types\/page"}],"author":[{"embeddable":true,"href":"https:\/\/www.biograd-boat-tours.com\/hr\/wp-json\/wp\/v2\/users\/1"}],"replies":[{"embeddable":true,"href":"https:\/\/www.biograd-boat-tours.com\/hr\/wp-json\/wp\/v2\/comments?post=1253"}],"version-history":[{"count":0,"href":"https:\/\/www.biograd-boat-tours.com\/hr\/wp-json\/wp\/v2\/pages\/1253\/revisions"}],"wp:attachment":[{"href":"https:\/\/www.biograd-boat-tours.com\/hr\/wp-json\/wp\/v2\/media?parent=1253"}],"curies":[{"name":"wp","href":"https:\/\/api.w.org\/{rel}","templated":true}]}}